{"id":29192,"date":"2022-08-16T10:43:33","date_gmt":"2022-08-16T08:43:33","guid":{"rendered":"https:\/\/www.wicam.com\/cadcam-oprogramowanie\/pncalculate\/api-interface\/"},"modified":"2024-05-28T15:23:43","modified_gmt":"2024-05-28T13:23:43","slug":"interfejs-api","status":"publish","type":"page","link":"https:\/\/wicam.com\/pl\/cadcam-oprogramowanie\/pncalculate\/interfejs-api\/","title":{"rendered":"Interfejs API"},"content":{"rendered":"<h2>Interfejs API<\/h2>\n<p><img loading=\"lazy\" decoding=\"async\" class=\"alignright wp-image-19969\" src=\"https:\/\/www.wicam.com\/wp-content\/uploads\/2021\/04\/api-start-300x257.jpg\" alt=\"\" width=\"410\" height=\"351\" srcset=\"https:\/\/wicam.com\/wp-content\/uploads\/2021\/04\/api-start-300x257.jpg 300w, https:\/\/wicam.com\/wp-content\/uploads\/2021\/04\/api-start-768x657.jpg 768w, https:\/\/wicam.com\/wp-content\/uploads\/2021\/04\/api-start.jpg 1000w\" sizes=\"auto, (max-width: 410px) 100vw, 410px\" \/>U\u017cywaj cz\u0119\u015bciowych funkcji lub pe\u0142nej wydajno\u015bci naszych narz\u0119dzi online w swoich programach &#8211; i w swoich interfejsach. Znormalizowany interfejs API umo\u017cliwia szybkie i ekonomiczne uzyskanie precyzyjnie obliczonych danych i plik\u00f3w dla produkt\u00f3w.<\/p>\n<h4>Funkcje<\/h4>\n<ul>\n<li>Obliczanie cen dla sklep\u00f3w internetowych<\/li>\n<li>Przetwarzanie cz\u0119\u015bci blaszanych za po\u015brednictwem interfejsu online<\/li>\n<li>Mo\u017cliwo\u015b\u0107 po\u0142\u0105czenia z systemem ERP<\/li>\n<li>W pe\u0142ni skalowalny<\/li>\n<li>Doskona\u0142a integracja z \u0142a\u0144cuchem proces\u00f3w IT<\/li>\n<li>Okre\u015blanie czasu produkcji<\/li>\n<li>Obliczanie ceny produkcji<\/li>\n<\/ul>\n<p>Interfejs API WiCAM zapewnia precyzyjne wst\u0119pne obliczenia zwi\u0105zane z maszynami i produkcj\u0105 w celu okre\u015blenia ceny poszczeg\u00f3lnych cz\u0119\u015bci i ca\u0142ych zespo\u0142\u00f3w w ci\u0105gu kilku sekund.<\/p>\n<p>Przechowujesz swoje maszyny i schemat oblicze\u0144 raz i otrzymujesz dane do kalkulacji czasu, materia\u0142u i\/lub ceny dla ka\u017cdego \u017c\u0105danego komponentu 2D i 3D 24\/7 bezpo\u015brednio w swoim sklepie internetowym lub systemie ERP.<\/p>\n<p><a class=\"btn\" href=\"https:\/\/wicam.com\/en\/contact\/\" rel=\"noopener\">Kontakt z WiCAM<\/a>.<\/p>\n","protected":false},"excerpt":{"rendered":"<p>Interfejs API U\u017cywaj cz\u0119\u015bciowych funkcji lub pe\u0142nej wydajno\u015bci naszych narz\u0119dzi online w swoich programach &#8211; i w swoich interfejsach. Znormalizowany interfejs API umo\u017cliwia szybkie i ekonomiczne uzyskanie precyzyjnie obliczonych danych i plik\u00f3w dla produkt\u00f3w. Funkcje Obliczanie cen dla sklep\u00f3w internetowych Przetwarzanie cz\u0119\u015bci blaszanych za po\u015brednictwem interfejsu online Mo\u017cliwo\u015b\u0107 po\u0142\u0105czenia z systemem ERP W pe\u0142ni skalowalny [&hellip;]<\/p>\n","protected":false},"author":2,"featured_media":0,"parent":24755,"menu_order":0,"comment_status":"closed","ping_status":"closed","template":"page-software-single.php","meta":{"_acf_changed":false,"footnotes":""},"class_list":["post-29192","page","type-page","status-publish","hentry"],"acf":[],"yoast_head":"<!-- This site is optimized with the Yoast SEO plugin v27.2 - https:\/\/yoast.com\/product\/yoast-seo-wordpress\/ -->\n<title>CAD\/CAM Nesting Software - Interfejs API - PNCalculate - WiCAM<\/title>\n<meta name=\"description\" content=\"Znormalizowany interfejs API umo\u017cliwia szybkie i ekonomiczne uzyskanie precyzyjnie obliczonych danych i plik\u00f3w dla produkt\u00f3w.\" \/>\n<meta name=\"robots\" content=\"index, follow, max-snippet:-1, max-image-preview:large, max-video-preview:-1\" \/>\n<link rel=\"canonical\" href=\"https:\/\/wicam.com\/pl\/cadcam-oprogramowanie\/pncalculate\/interfejs-api\/\" \/>\n<meta property=\"og:locale\" content=\"pl_PL\" \/>\n<meta property=\"og:type\" content=\"article\" \/>\n<meta property=\"og:title\" content=\"CAD\/CAM Nesting Software - Interfejs API - PNCalculate - WiCAM\" \/>\n<meta property=\"og:description\" content=\"Znormalizowany interfejs API umo\u017cliwia szybkie i ekonomiczne uzyskanie precyzyjnie obliczonych danych i plik\u00f3w dla produkt\u00f3w.\" \/>\n<meta property=\"og:url\" content=\"https:\/\/wicam.com\/pl\/cadcam-oprogramowanie\/pncalculate\/interfejs-api\/\" \/>\n<meta property=\"og:site_name\" content=\"WiCAM\" \/>\n<meta property=\"article:modified_time\" content=\"2024-05-28T13:23:43+00:00\" \/>\n<meta property=\"og:image\" content=\"https:\/\/www.wicam.com\/wp-content\/uploads\/2021\/04\/api-start-300x257.jpg\" \/>\n<meta name=\"twitter:card\" content=\"summary_large_image\" \/>\n<meta name=\"twitter:label1\" content=\"Szacowany czas czytania\" \/>\n\t<meta name=\"twitter:data1\" content=\"4 minuty\" \/>\n<script type=\"application\/ld+json\" class=\"yoast-schema-graph\">{\"@context\":\"https:\/\/schema.org\",\"@graph\":[{\"@type\":\"WebPage\",\"@id\":\"https:\/\/wicam.com\/pl\/cadcam-oprogramowanie\/pncalculate\/interfejs-api\/\",\"url\":\"https:\/\/wicam.com\/pl\/cadcam-oprogramowanie\/pncalculate\/interfejs-api\/\",\"name\":\"CAD\/CAM Nesting Software - Interfejs API - PNCalculate - WiCAM\",\"isPartOf\":{\"@id\":\"https:\/\/wicam.com\/pl\/#website\"},\"primaryImageOfPage\":{\"@id\":\"https:\/\/wicam.com\/pl\/cadcam-oprogramowanie\/pncalculate\/interfejs-api\/#primaryimage\"},\"image\":{\"@id\":\"https:\/\/wicam.com\/pl\/cadcam-oprogramowanie\/pncalculate\/interfejs-api\/#primaryimage\"},\"thumbnailUrl\":\"https:\/\/www.wicam.com\/wp-content\/uploads\/2021\/04\/api-start-300x257.jpg\",\"datePublished\":\"2022-08-16T08:43:33+00:00\",\"dateModified\":\"2024-05-28T13:23:43+00:00\",\"description\":\"Znormalizowany interfejs API umo\u017cliwia szybkie i ekonomiczne uzyskanie precyzyjnie obliczonych danych i plik\u00f3w dla produkt\u00f3w.\",\"breadcrumb\":{\"@id\":\"https:\/\/wicam.com\/pl\/cadcam-oprogramowanie\/pncalculate\/interfejs-api\/#breadcrumb\"},\"inLanguage\":\"pl-PL\",\"potentialAction\":[{\"@type\":\"ReadAction\",\"target\":[\"https:\/\/wicam.com\/pl\/cadcam-oprogramowanie\/pncalculate\/interfejs-api\/\"]}]},{\"@type\":\"ImageObject\",\"inLanguage\":\"pl-PL\",\"@id\":\"https:\/\/wicam.com\/pl\/cadcam-oprogramowanie\/pncalculate\/interfejs-api\/#primaryimage\",\"url\":\"https:\/\/www.wicam.com\/wp-content\/uploads\/2021\/04\/api-start-300x257.jpg\",\"contentUrl\":\"https:\/\/www.wicam.com\/wp-content\/uploads\/2021\/04\/api-start-300x257.jpg\"},{\"@type\":\"BreadcrumbList\",\"@id\":\"https:\/\/wicam.com\/pl\/cadcam-oprogramowanie\/pncalculate\/interfejs-api\/#breadcrumb\",\"itemListElement\":[{\"@type\":\"ListItem\",\"position\":1,\"name\":\"Startseite\",\"item\":\"https:\/\/wicam.com\/pl\/\"},{\"@type\":\"ListItem\",\"position\":2,\"name\":\"Oprogramowanie\",\"item\":\"https:\/\/wicam.com\/pl\/cadcam-oprogramowanie\/\"},{\"@type\":\"ListItem\",\"position\":3,\"name\":\"Obliczenia\",\"item\":\"https:\/\/wicam.com\/pl\/cadcam-oprogramowanie\/pncalculate\/\"},{\"@type\":\"ListItem\",\"position\":4,\"name\":\"Interfejs API\"}]},{\"@type\":\"WebSite\",\"@id\":\"https:\/\/wicam.com\/pl\/#website\",\"url\":\"https:\/\/wicam.com\/pl\/\",\"name\":\"WiCAM\",\"description\":\"Technische Software\",\"potentialAction\":[{\"@type\":\"SearchAction\",\"target\":{\"@type\":\"EntryPoint\",\"urlTemplate\":\"https:\/\/wicam.com\/pl\/?s={search_term_string}\"},\"query-input\":{\"@type\":\"PropertyValueSpecification\",\"valueRequired\":true,\"valueName\":\"search_term_string\"}}],\"inLanguage\":\"pl-PL\"}]}<\/script>\n<!-- \/ Yoast SEO plugin. -->","yoast_head_json":{"title":"CAD\/CAM Nesting Software - Interfejs API - PNCalculate - WiCAM","description":"Znormalizowany interfejs API umo\u017cliwia szybkie i ekonomiczne uzyskanie precyzyjnie obliczonych danych i plik\u00f3w dla produkt\u00f3w.","robots":{"index":"index","follow":"follow","max-snippet":"max-snippet:-1","max-image-preview":"max-image-preview:large","max-video-preview":"max-video-preview:-1"},"canonical":"https:\/\/wicam.com\/pl\/cadcam-oprogramowanie\/pncalculate\/interfejs-api\/","og_locale":"pl_PL","og_type":"article","og_title":"CAD\/CAM Nesting Software - Interfejs API - PNCalculate - WiCAM","og_description":"Znormalizowany interfejs API umo\u017cliwia szybkie i ekonomiczne uzyskanie precyzyjnie obliczonych danych i plik\u00f3w dla produkt\u00f3w.","og_url":"https:\/\/wicam.com\/pl\/cadcam-oprogramowanie\/pncalculate\/interfejs-api\/","og_site_name":"WiCAM","article_modified_time":"2024-05-28T13:23:43+00:00","og_image":[{"url":"https:\/\/www.wicam.com\/wp-content\/uploads\/2021\/04\/api-start-300x257.jpg","type":"","width":"","height":""}],"twitter_card":"summary_large_image","twitter_misc":{"Szacowany czas czytania":"4 minuty"},"schema":{"@context":"https:\/\/schema.org","@graph":[{"@type":"WebPage","@id":"https:\/\/wicam.com\/pl\/cadcam-oprogramowanie\/pncalculate\/interfejs-api\/","url":"https:\/\/wicam.com\/pl\/cadcam-oprogramowanie\/pncalculate\/interfejs-api\/","name":"CAD\/CAM Nesting Software - Interfejs API - PNCalculate - WiCAM","isPartOf":{"@id":"https:\/\/wicam.com\/pl\/#website"},"primaryImageOfPage":{"@id":"https:\/\/wicam.com\/pl\/cadcam-oprogramowanie\/pncalculate\/interfejs-api\/#primaryimage"},"image":{"@id":"https:\/\/wicam.com\/pl\/cadcam-oprogramowanie\/pncalculate\/interfejs-api\/#primaryimage"},"thumbnailUrl":"https:\/\/www.wicam.com\/wp-content\/uploads\/2021\/04\/api-start-300x257.jpg","datePublished":"2022-08-16T08:43:33+00:00","dateModified":"2024-05-28T13:23:43+00:00","description":"Znormalizowany interfejs API umo\u017cliwia szybkie i ekonomiczne uzyskanie precyzyjnie obliczonych danych i plik\u00f3w dla produkt\u00f3w.","breadcrumb":{"@id":"https:\/\/wicam.com\/pl\/cadcam-oprogramowanie\/pncalculate\/interfejs-api\/#breadcrumb"},"inLanguage":"pl-PL","potentialAction":[{"@type":"ReadAction","target":["https:\/\/wicam.com\/pl\/cadcam-oprogramowanie\/pncalculate\/interfejs-api\/"]}]},{"@type":"ImageObject","inLanguage":"pl-PL","@id":"https:\/\/wicam.com\/pl\/cadcam-oprogramowanie\/pncalculate\/interfejs-api\/#primaryimage","url":"https:\/\/www.wicam.com\/wp-content\/uploads\/2021\/04\/api-start-300x257.jpg","contentUrl":"https:\/\/www.wicam.com\/wp-content\/uploads\/2021\/04\/api-start-300x257.jpg"},{"@type":"BreadcrumbList","@id":"https:\/\/wicam.com\/pl\/cadcam-oprogramowanie\/pncalculate\/interfejs-api\/#breadcrumb","itemListElement":[{"@type":"ListItem","position":1,"name":"Startseite","item":"https:\/\/wicam.com\/pl\/"},{"@type":"ListItem","position":2,"name":"Oprogramowanie","item":"https:\/\/wicam.com\/pl\/cadcam-oprogramowanie\/"},{"@type":"ListItem","position":3,"name":"Obliczenia","item":"https:\/\/wicam.com\/pl\/cadcam-oprogramowanie\/pncalculate\/"},{"@type":"ListItem","position":4,"name":"Interfejs API"}]},{"@type":"WebSite","@id":"https:\/\/wicam.com\/pl\/#website","url":"https:\/\/wicam.com\/pl\/","name":"WiCAM","description":"Technische Software","potentialAction":[{"@type":"SearchAction","target":{"@type":"EntryPoint","urlTemplate":"https:\/\/wicam.com\/pl\/?s={search_term_string}"},"query-input":{"@type":"PropertyValueSpecification","valueRequired":true,"valueName":"search_term_string"}}],"inLanguage":"pl-PL"}]}},"_links":{"self":[{"href":"https:\/\/wicam.com\/pl\/wp-json\/wp\/v2\/pages\/29192","targetHints":{"allow":["GET"]}}],"collection":[{"href":"https:\/\/wicam.com\/pl\/wp-json\/wp\/v2\/pages"}],"about":[{"href":"https:\/\/wicam.com\/pl\/wp-json\/wp\/v2\/types\/page"}],"author":[{"embeddable":true,"href":"https:\/\/wicam.com\/pl\/wp-json\/wp\/v2\/users\/2"}],"replies":[{"embeddable":true,"href":"https:\/\/wicam.com\/pl\/wp-json\/wp\/v2\/comments?post=29192"}],"version-history":[{"count":0,"href":"https:\/\/wicam.com\/pl\/wp-json\/wp\/v2\/pages\/29192\/revisions"}],"up":[{"embeddable":true,"href":"https:\/\/wicam.com\/pl\/wp-json\/wp\/v2\/pages\/24755"}],"wp:attachment":[{"href":"https:\/\/wicam.com\/pl\/wp-json\/wp\/v2\/media?parent=29192"}],"curies":[{"name":"wp","href":"https:\/\/api.w.org\/{rel}","templated":true}]}}