{"id":7175,"date":"2018-07-05T16:31:57","date_gmt":"2018-07-05T14:31:57","guid":{"rendered":"https:\/\/www.wicam.com\/startseite\/"},"modified":"2022-10-31T12:12:54","modified_gmt":"2022-10-31T11:12:54","slug":"startseite-2","status":"publish","type":"page","link":"https:\/\/wicam.com\/pl\/","title":{"rendered":"Home"},"content":{"rendered":"<h2>CAD\/CAM OPROGRAMOWANIE made in Germany<\/h2>\n<p>Od 1986 firma WiCAM stala sie cenionym partnerem globalnym specjalizujacym sie w niestandardowych rozwiazan do automatyzacji produkcji wyrob\u00f3w z blach. Wsr\u00f3d naszych bardzo zadowolonych klient\u00f3w sa min. takie wielonarodowe sp\u00f3lki jak Siemens, Rittal, Liebherr, Thyssen czy Otis.<\/p>\n","protected":false},"excerpt":{"rendered":"<p>CAD\/CAM OPROGRAMOWANIE made in Germany Od 1986 firma WiCAM stala sie cenionym partnerem globalnym specjalizujacym sie w niestandardowych rozwiazan do automatyzacji produkcji wyrob\u00f3w z blach. Wsr\u00f3d naszych bardzo zadowolonych klient\u00f3w sa min. takie wielonarodowe sp\u00f3lki jak Siemens, Rittal, Liebherr, Thyssen czy Otis.<\/p>\n","protected":false},"author":1,"featured_media":0,"parent":0,"menu_order":0,"comment_status":"closed","ping_status":"closed","template":"page-home.php","meta":{"_acf_changed":false,"footnotes":""},"class_list":["post-7175","page","type-page","status-publish","hentry"],"acf":[],"yoast_head":"<!-- This site is optimized with the Yoast SEO plugin v27.2 - https:\/\/yoast.com\/product\/yoast-seo-wordpress\/ -->\n<title>WiCAM Polska - CAD\/CAM Oprogramowanie<\/title>\n<meta name=\"description\" content=\"Od 1986 firma WiCAM stala sie cenionym partnerem globalnym specjalizujacym sie w niestandardowych rozwiazan do automatyzacji produkcji wyrob\u00f3w z blach. Wsr\u00f3d naszych bardzo zadowolonych klient\u00f3w sa min. takie wielonarodowe sp\u00f3lki jak Siemens, Rittal, Liebherr, Thyssen czy Otis.\" \/>\n<meta name=\"robots\" content=\"index, follow, max-snippet:-1, max-image-preview:large, max-video-preview:-1\" \/>\n<link rel=\"canonical\" href=\"https:\/\/wicam.com\/pl\/\" \/>\n<meta property=\"og:locale\" content=\"pl_PL\" \/>\n<meta property=\"og:type\" content=\"article\" \/>\n<meta property=\"og:title\" content=\"WiCAM Polska - CAD\/CAM Oprogramowanie\" \/>\n<meta property=\"og:description\" content=\"Od 1986 firma WiCAM stala sie cenionym partnerem globalnym specjalizujacym sie w niestandardowych rozwiazan do automatyzacji produkcji wyrob\u00f3w z blach. Wsr\u00f3d naszych bardzo zadowolonych klient\u00f3w sa min. takie wielonarodowe sp\u00f3lki jak Siemens, Rittal, Liebherr, Thyssen czy Otis.\" \/>\n<meta property=\"og:url\" content=\"https:\/\/wicam.com\/pl\/\" \/>\n<meta property=\"og:site_name\" content=\"WiCAM\" \/>\n<meta property=\"article:modified_time\" content=\"2022-10-31T11:12:54+00:00\" \/>\n<meta name=\"twitter:card\" content=\"summary_large_image\" \/>\n<meta name=\"twitter:label1\" content=\"Szacowany czas czytania\" \/>\n\t<meta name=\"twitter:data1\" content=\"1 minuta\" \/>\n<script type=\"application\/ld+json\" class=\"yoast-schema-graph\">{\"@context\":\"https:\/\/schema.org\",\"@graph\":[{\"@type\":\"WebPage\",\"@id\":\"https:\/\/wicam.com\/pl\/\",\"url\":\"https:\/\/wicam.com\/pl\/\",\"name\":\"WiCAM Polska - CAD\/CAM Oprogramowanie\",\"isPartOf\":{\"@id\":\"https:\/\/wicam.com\/pl\/#website\"},\"datePublished\":\"2018-07-05T14:31:57+00:00\",\"dateModified\":\"2022-10-31T11:12:54+00:00\",\"description\":\"Od 1986 firma WiCAM stala sie cenionym partnerem globalnym specjalizujacym sie w niestandardowych rozwiazan do automatyzacji produkcji wyrob\u00f3w z blach. Wsr\u00f3d naszych bardzo zadowolonych klient\u00f3w sa min. takie wielonarodowe sp\u00f3lki jak Siemens, Rittal, Liebherr, Thyssen czy Otis.\",\"breadcrumb\":{\"@id\":\"https:\/\/wicam.com\/pl\/#breadcrumb\"},\"inLanguage\":\"pl-PL\",\"potentialAction\":[{\"@type\":\"ReadAction\",\"target\":[\"https:\/\/wicam.com\/pl\/\"]}]},{\"@type\":\"BreadcrumbList\",\"@id\":\"https:\/\/wicam.com\/pl\/#breadcrumb\",\"itemListElement\":[{\"@type\":\"ListItem\",\"position\":1,\"name\":\"Startseite\",\"item\":\"https:\/\/wicam.com\/pl\/\"},{\"@type\":\"ListItem\",\"position\":2,\"name\":\"Home\"}]},{\"@type\":\"WebSite\",\"@id\":\"https:\/\/wicam.com\/pl\/#website\",\"url\":\"https:\/\/wicam.com\/pl\/\",\"name\":\"WiCAM\",\"description\":\"Technische Software\",\"potentialAction\":[{\"@type\":\"SearchAction\",\"target\":{\"@type\":\"EntryPoint\",\"urlTemplate\":\"https:\/\/wicam.com\/pl\/?s={search_term_string}\"},\"query-input\":{\"@type\":\"PropertyValueSpecification\",\"valueRequired\":true,\"valueName\":\"search_term_string\"}}],\"inLanguage\":\"pl-PL\"}]}<\/script>\n<!-- \/ Yoast SEO plugin. -->","yoast_head_json":{"title":"WiCAM Polska - CAD\/CAM Oprogramowanie","description":"Od 1986 firma WiCAM stala sie cenionym partnerem globalnym specjalizujacym sie w niestandardowych rozwiazan do automatyzacji produkcji wyrob\u00f3w z blach. Wsr\u00f3d naszych bardzo zadowolonych klient\u00f3w sa min. takie wielonarodowe sp\u00f3lki jak Siemens, Rittal, Liebherr, Thyssen czy Otis.","robots":{"index":"index","follow":"follow","max-snippet":"max-snippet:-1","max-image-preview":"max-image-preview:large","max-video-preview":"max-video-preview:-1"},"canonical":"https:\/\/wicam.com\/pl\/","og_locale":"pl_PL","og_type":"article","og_title":"WiCAM Polska - CAD\/CAM Oprogramowanie","og_description":"Od 1986 firma WiCAM stala sie cenionym partnerem globalnym specjalizujacym sie w niestandardowych rozwiazan do automatyzacji produkcji wyrob\u00f3w z blach. Wsr\u00f3d naszych bardzo zadowolonych klient\u00f3w sa min. takie wielonarodowe sp\u00f3lki jak Siemens, Rittal, Liebherr, Thyssen czy Otis.","og_url":"https:\/\/wicam.com\/pl\/","og_site_name":"WiCAM","article_modified_time":"2022-10-31T11:12:54+00:00","twitter_card":"summary_large_image","twitter_misc":{"Szacowany czas czytania":"1 minuta"},"schema":{"@context":"https:\/\/schema.org","@graph":[{"@type":"WebPage","@id":"https:\/\/wicam.com\/pl\/","url":"https:\/\/wicam.com\/pl\/","name":"WiCAM Polska - CAD\/CAM Oprogramowanie","isPartOf":{"@id":"https:\/\/wicam.com\/pl\/#website"},"datePublished":"2018-07-05T14:31:57+00:00","dateModified":"2022-10-31T11:12:54+00:00","description":"Od 1986 firma WiCAM stala sie cenionym partnerem globalnym specjalizujacym sie w niestandardowych rozwiazan do automatyzacji produkcji wyrob\u00f3w z blach. Wsr\u00f3d naszych bardzo zadowolonych klient\u00f3w sa min. takie wielonarodowe sp\u00f3lki jak Siemens, Rittal, Liebherr, Thyssen czy Otis.","breadcrumb":{"@id":"https:\/\/wicam.com\/pl\/#breadcrumb"},"inLanguage":"pl-PL","potentialAction":[{"@type":"ReadAction","target":["https:\/\/wicam.com\/pl\/"]}]},{"@type":"BreadcrumbList","@id":"https:\/\/wicam.com\/pl\/#breadcrumb","itemListElement":[{"@type":"ListItem","position":1,"name":"Startseite","item":"https:\/\/wicam.com\/pl\/"},{"@type":"ListItem","position":2,"name":"Home"}]},{"@type":"WebSite","@id":"https:\/\/wicam.com\/pl\/#website","url":"https:\/\/wicam.com\/pl\/","name":"WiCAM","description":"Technische Software","potentialAction":[{"@type":"SearchAction","target":{"@type":"EntryPoint","urlTemplate":"https:\/\/wicam.com\/pl\/?s={search_term_string}"},"query-input":{"@type":"PropertyValueSpecification","valueRequired":true,"valueName":"search_term_string"}}],"inLanguage":"pl-PL"}]}},"_links":{"self":[{"href":"https:\/\/wicam.com\/pl\/wp-json\/wp\/v2\/pages\/7175","targetHints":{"allow":["GET"]}}],"collection":[{"href":"https:\/\/wicam.com\/pl\/wp-json\/wp\/v2\/pages"}],"about":[{"href":"https:\/\/wicam.com\/pl\/wp-json\/wp\/v2\/types\/page"}],"author":[{"embeddable":true,"href":"https:\/\/wicam.com\/pl\/wp-json\/wp\/v2\/users\/1"}],"replies":[{"embeddable":true,"href":"https:\/\/wicam.com\/pl\/wp-json\/wp\/v2\/comments?post=7175"}],"version-history":[{"count":0,"href":"https:\/\/wicam.com\/pl\/wp-json\/wp\/v2\/pages\/7175\/revisions"}],"wp:attachment":[{"href":"https:\/\/wicam.com\/pl\/wp-json\/wp\/v2\/media?parent=7175"}],"curies":[{"name":"wp","href":"https:\/\/api.w.org\/{rel}","templated":true}]}}