{"id":7218,"date":"2018-07-05T16:37:59","date_gmt":"2018-07-05T14:37:59","guid":{"rendered":"https:\/\/www.wicam.com\/company\/"},"modified":"2024-02-13T10:12:25","modified_gmt":"2024-02-13T09:12:25","slug":"firma","status":"publish","type":"page","link":"https:\/\/wicam.com\/pl\/firma\/","title":{"rendered":"Firma"},"content":{"rendered":"<h2>Historia<\/h2>\n<p><a href=\"https:\/\/wicam.com\/wp-content\/uploads\/2018\/09\/WiCAMGlobal.jpg\" data-fancybox><img loading=\"lazy\" decoding=\"async\" class=\"alignright wp-image-1765\" src=\"https:\/\/wicam.com\/wp-content\/uploads\/2018\/09\/WiCAMGlobal-300x250.jpg\" alt=\"WiCAM Germany\" width=\"400\" height=\"334\" srcset=\"https:\/\/wicam.com\/wp-content\/uploads\/2018\/09\/WiCAMGlobal-300x250.jpg 300w, https:\/\/wicam.com\/wp-content\/uploads\/2018\/09\/WiCAMGlobal-768x641.jpg 768w, https:\/\/wicam.com\/wp-content\/uploads\/2018\/09\/WiCAMGlobal-1024x854.jpg 1024w, https:\/\/wicam.com\/wp-content\/uploads\/2018\/09\/WiCAMGlobal.jpg 1250w\" sizes=\"auto, (max-width: 400px) 100vw, 400px\" \/><\/a><\/p>\n<p>Pomys\u0142 na stworzenie oprogramowania do komputerowego wspomagania przemys\u0142u (CAM) powsta\u0142 w g\u0142owie lidera WiCAM GmbH Technische Software Pana Haralda Wilkesmanna w roku 1986.<\/p>\n<p>Zajmowa\u0142 si\u0119 on przygotowaniem produkcji na wykrawarce Behrens w trakcie jednej z nocnej zmian w firmie ANT-Nachrichtentechnik. Doszed\u0142 do wniosku \u017ce powinno by\u0107 mo\u017cliwe, aby opracowa\u0107 program do produkcji blachy, kt\u00f3ry automatycznie wygeneruje niezb\u0119dne dane dla maszyny.<\/p>\n<p>W oparciu o ten pomys\u0142 i wiele lat analizy, powsta\u0142 pierwszy program obliczeniowy wyliczaj\u0105cy pojedyncze operacje wykrawania. Nast\u0119pnym etapem by\u0142o nauczenie programu wyliczanie \u015bcie\u017cki ci\u0119cia polilinii za pomoc\u0105 pojedynczych uderze\u0144 (nibble) . Bazuj\u0105c na tym pomy\u015ble, poszukuj\u0105c dalszej mo\u017cliwo\u015bci rozwoju firmy WiCAM, zaoferowano klientom takie us\u0142ugi jak:<\/p>\n<p>Transfer i przedefiniowanie element\u00f3w geometrii<br \/>\nTworzenie pe\u0142nego programu NC dla wykrawarek (punch\/nibble)<br \/>\nW ci\u0105gu kolejnych 10 lat system by\u0142 ci\u0105gle rozwijany, a nawet czterokrotnie napisany zupe\u0142nie od nowa. Wymusza\u0142y to wymagania techniczne kolejnych, wspieranych przez program maszyn, jak r\u00f3wnie\u017c nowe technologie, takie jak Multi-Cuts, za\u0142adunku i roz\u0142adunku, czy technologia laserowa.<\/p>\n","protected":false},"excerpt":{"rendered":"<p>Historia Pomys\u0142 na stworzenie oprogramowania do komputerowego wspomagania przemys\u0142u (CAM) powsta\u0142 w g\u0142owie lidera WiCAM GmbH Technische Software Pana Haralda Wilkesmanna w roku 1986. Zajmowa\u0142 si\u0119 on przygotowaniem produkcji na wykrawarce Behrens w trakcie jednej z nocnej zmian w firmie ANT-Nachrichtentechnik. Doszed\u0142 do wniosku \u017ce powinno by\u0107 mo\u017cliwe, aby opracowa\u0107 program do produkcji blachy, kt\u00f3ry [&hellip;]<\/p>\n","protected":false},"author":1,"featured_media":0,"parent":0,"menu_order":0,"comment_status":"closed","ping_status":"closed","template":"page-unternehmen.php","meta":{"_acf_changed":false,"footnotes":""},"class_list":["post-7218","page","type-page","status-publish","hentry"],"acf":[],"yoast_head":"<!-- This site is optimized with the Yoast SEO plugin v27.2 - https:\/\/yoast.com\/product\/yoast-seo-wordpress\/ -->\n<title>WiCAM Polska - Firma - CAD\/CAM Oprogramowanie<\/title>\n<meta name=\"description\" content=\"Pomys\u0142 na stworzenie oprogramowania do komputerowego wspomagania przemys\u0142u (CAM) powsta\u0142 w g\u0142owie lidera WiCAM GmbH Technische Software Pana Haralda Wilkesmanna w roku 1986.\" \/>\n<meta name=\"robots\" content=\"index, follow, max-snippet:-1, max-image-preview:large, max-video-preview:-1\" \/>\n<link rel=\"canonical\" href=\"https:\/\/wicam.com\/pl\/firma\/\" \/>\n<meta property=\"og:locale\" content=\"pl_PL\" \/>\n<meta property=\"og:type\" content=\"article\" \/>\n<meta property=\"og:title\" content=\"WiCAM Polska - Firma - CAD\/CAM Oprogramowanie\" \/>\n<meta property=\"og:description\" content=\"Pomys\u0142 na stworzenie oprogramowania do komputerowego wspomagania przemys\u0142u (CAM) powsta\u0142 w g\u0142owie lidera WiCAM GmbH Technische Software Pana Haralda Wilkesmanna w roku 1986.\" \/>\n<meta property=\"og:url\" content=\"https:\/\/wicam.com\/pl\/firma\/\" \/>\n<meta property=\"og:site_name\" content=\"WiCAM\" \/>\n<meta property=\"article:modified_time\" content=\"2024-02-13T09:12:25+00:00\" \/>\n<meta property=\"og:image\" content=\"https:\/\/wicam.com\/wp-content\/uploads\/2018\/09\/WiCAMGlobal-300x250.jpg\" \/>\n<meta name=\"twitter:card\" content=\"summary_large_image\" \/>\n<meta name=\"twitter:label1\" content=\"Szacowany czas czytania\" \/>\n\t<meta name=\"twitter:data1\" content=\"2 minuty\" \/>\n<script type=\"application\/ld+json\" class=\"yoast-schema-graph\">{\"@context\":\"https:\/\/schema.org\",\"@graph\":[{\"@type\":\"WebPage\",\"@id\":\"https:\/\/wicam.com\/pl\/firma\/\",\"url\":\"https:\/\/wicam.com\/pl\/firma\/\",\"name\":\"WiCAM Polska - Firma - CAD\/CAM Oprogramowanie\",\"isPartOf\":{\"@id\":\"https:\/\/wicam.com\/pl\/#website\"},\"primaryImageOfPage\":{\"@id\":\"https:\/\/wicam.com\/pl\/firma\/#primaryimage\"},\"image\":{\"@id\":\"https:\/\/wicam.com\/pl\/firma\/#primaryimage\"},\"thumbnailUrl\":\"https:\/\/wicam.com\/wp-content\/uploads\/2018\/09\/WiCAMGlobal-300x250.jpg\",\"datePublished\":\"2018-07-05T14:37:59+00:00\",\"dateModified\":\"2024-02-13T09:12:25+00:00\",\"description\":\"Pomys\u0142 na stworzenie oprogramowania do komputerowego wspomagania przemys\u0142u (CAM) powsta\u0142 w g\u0142owie lidera WiCAM GmbH Technische Software Pana Haralda Wilkesmanna w roku 1986.\",\"breadcrumb\":{\"@id\":\"https:\/\/wicam.com\/pl\/firma\/#breadcrumb\"},\"inLanguage\":\"pl-PL\",\"potentialAction\":[{\"@type\":\"ReadAction\",\"target\":[\"https:\/\/wicam.com\/pl\/firma\/\"]}]},{\"@type\":\"ImageObject\",\"inLanguage\":\"pl-PL\",\"@id\":\"https:\/\/wicam.com\/pl\/firma\/#primaryimage\",\"url\":\"https:\/\/wicam.com\/wp-content\/uploads\/2018\/09\/WiCAMGlobal-300x250.jpg\",\"contentUrl\":\"https:\/\/wicam.com\/wp-content\/uploads\/2018\/09\/WiCAMGlobal-300x250.jpg\"},{\"@type\":\"BreadcrumbList\",\"@id\":\"https:\/\/wicam.com\/pl\/firma\/#breadcrumb\",\"itemListElement\":[{\"@type\":\"ListItem\",\"position\":1,\"name\":\"Startseite\",\"item\":\"https:\/\/wicam.com\/pl\/\"},{\"@type\":\"ListItem\",\"position\":2,\"name\":\"Firma\"}]},{\"@type\":\"WebSite\",\"@id\":\"https:\/\/wicam.com\/pl\/#website\",\"url\":\"https:\/\/wicam.com\/pl\/\",\"name\":\"WiCAM\",\"description\":\"Technische Software\",\"potentialAction\":[{\"@type\":\"SearchAction\",\"target\":{\"@type\":\"EntryPoint\",\"urlTemplate\":\"https:\/\/wicam.com\/pl\/?s={search_term_string}\"},\"query-input\":{\"@type\":\"PropertyValueSpecification\",\"valueRequired\":true,\"valueName\":\"search_term_string\"}}],\"inLanguage\":\"pl-PL\"}]}<\/script>\n<!-- \/ Yoast SEO plugin. -->","yoast_head_json":{"title":"WiCAM Polska - Firma - CAD\/CAM Oprogramowanie","description":"Pomys\u0142 na stworzenie oprogramowania do komputerowego wspomagania przemys\u0142u (CAM) powsta\u0142 w g\u0142owie lidera WiCAM GmbH Technische Software Pana Haralda Wilkesmanna w roku 1986.","robots":{"index":"index","follow":"follow","max-snippet":"max-snippet:-1","max-image-preview":"max-image-preview:large","max-video-preview":"max-video-preview:-1"},"canonical":"https:\/\/wicam.com\/pl\/firma\/","og_locale":"pl_PL","og_type":"article","og_title":"WiCAM Polska - Firma - CAD\/CAM Oprogramowanie","og_description":"Pomys\u0142 na stworzenie oprogramowania do komputerowego wspomagania przemys\u0142u (CAM) powsta\u0142 w g\u0142owie lidera WiCAM GmbH Technische Software Pana Haralda Wilkesmanna w roku 1986.","og_url":"https:\/\/wicam.com\/pl\/firma\/","og_site_name":"WiCAM","article_modified_time":"2024-02-13T09:12:25+00:00","og_image":[{"url":"https:\/\/wicam.com\/wp-content\/uploads\/2018\/09\/WiCAMGlobal-300x250.jpg","type":"","width":"","height":""}],"twitter_card":"summary_large_image","twitter_misc":{"Szacowany czas czytania":"2 minuty"},"schema":{"@context":"https:\/\/schema.org","@graph":[{"@type":"WebPage","@id":"https:\/\/wicam.com\/pl\/firma\/","url":"https:\/\/wicam.com\/pl\/firma\/","name":"WiCAM Polska - Firma - CAD\/CAM Oprogramowanie","isPartOf":{"@id":"https:\/\/wicam.com\/pl\/#website"},"primaryImageOfPage":{"@id":"https:\/\/wicam.com\/pl\/firma\/#primaryimage"},"image":{"@id":"https:\/\/wicam.com\/pl\/firma\/#primaryimage"},"thumbnailUrl":"https:\/\/wicam.com\/wp-content\/uploads\/2018\/09\/WiCAMGlobal-300x250.jpg","datePublished":"2018-07-05T14:37:59+00:00","dateModified":"2024-02-13T09:12:25+00:00","description":"Pomys\u0142 na stworzenie oprogramowania do komputerowego wspomagania przemys\u0142u (CAM) powsta\u0142 w g\u0142owie lidera WiCAM GmbH Technische Software Pana Haralda Wilkesmanna w roku 1986.","breadcrumb":{"@id":"https:\/\/wicam.com\/pl\/firma\/#breadcrumb"},"inLanguage":"pl-PL","potentialAction":[{"@type":"ReadAction","target":["https:\/\/wicam.com\/pl\/firma\/"]}]},{"@type":"ImageObject","inLanguage":"pl-PL","@id":"https:\/\/wicam.com\/pl\/firma\/#primaryimage","url":"https:\/\/wicam.com\/wp-content\/uploads\/2018\/09\/WiCAMGlobal-300x250.jpg","contentUrl":"https:\/\/wicam.com\/wp-content\/uploads\/2018\/09\/WiCAMGlobal-300x250.jpg"},{"@type":"BreadcrumbList","@id":"https:\/\/wicam.com\/pl\/firma\/#breadcrumb","itemListElement":[{"@type":"ListItem","position":1,"name":"Startseite","item":"https:\/\/wicam.com\/pl\/"},{"@type":"ListItem","position":2,"name":"Firma"}]},{"@type":"WebSite","@id":"https:\/\/wicam.com\/pl\/#website","url":"https:\/\/wicam.com\/pl\/","name":"WiCAM","description":"Technische Software","potentialAction":[{"@type":"SearchAction","target":{"@type":"EntryPoint","urlTemplate":"https:\/\/wicam.com\/pl\/?s={search_term_string}"},"query-input":{"@type":"PropertyValueSpecification","valueRequired":true,"valueName":"search_term_string"}}],"inLanguage":"pl-PL"}]}},"_links":{"self":[{"href":"https:\/\/wicam.com\/pl\/wp-json\/wp\/v2\/pages\/7218","targetHints":{"allow":["GET"]}}],"collection":[{"href":"https:\/\/wicam.com\/pl\/wp-json\/wp\/v2\/pages"}],"about":[{"href":"https:\/\/wicam.com\/pl\/wp-json\/wp\/v2\/types\/page"}],"author":[{"embeddable":true,"href":"https:\/\/wicam.com\/pl\/wp-json\/wp\/v2\/users\/1"}],"replies":[{"embeddable":true,"href":"https:\/\/wicam.com\/pl\/wp-json\/wp\/v2\/comments?post=7218"}],"version-history":[{"count":0,"href":"https:\/\/wicam.com\/pl\/wp-json\/wp\/v2\/pages\/7218\/revisions"}],"wp:attachment":[{"href":"https:\/\/wicam.com\/pl\/wp-json\/wp\/v2\/media?parent=7218"}],"curies":[{"name":"wp","href":"https:\/\/api.w.org\/{rel}","templated":true}]}}