{"id":7230,"date":"2018-07-05T16:34:54","date_gmt":"2018-07-05T14:34:54","guid":{"rendered":"https:\/\/www.wicam.com\/service\/"},"modified":"2020-09-20T15:33:01","modified_gmt":"2020-09-20T13:33:01","slug":"uslugi","status":"publish","type":"page","link":"https:\/\/wicam.com\/pl\/uslugi\/","title":{"rendered":"Us\u0142ugi"},"content":{"rendered":"<p>Us\u0142ugi piszemy przez du\u017ce U w firmie WiCAM. Oferujemy fachow\u0105 wiedz\u0119 i fachow\u0105 pomoc na ka\u017cdym etapie: Od porad przed zakupem po instalacj\u0119 oprogramowania, szkolenia i wsparcia po sprzeda\u017cy.<\/p>\n<p>Z naszymi klientami przygotowujemy indywidualne rozwi\u0105zania, kt\u00f3re s\u0105 nast\u0119pnie szybko wdra\u017cane.<\/p>\n","protected":false},"excerpt":{"rendered":"<p>Us\u0142ugi piszemy przez du\u017ce U w firmie WiCAM. Oferujemy fachow\u0105 wiedz\u0119 i fachow\u0105 pomoc na ka\u017cdym etapie: Od porad przed zakupem po instalacj\u0119 oprogramowania, szkolenia i wsparcia po sprzeda\u017cy. Z naszymi klientami przygotowujemy indywidualne rozwi\u0105zania, kt\u00f3re s\u0105 nast\u0119pnie szybko wdra\u017cane.<\/p>\n","protected":false},"author":1,"featured_media":0,"parent":0,"menu_order":0,"comment_status":"closed","ping_status":"closed","template":"page-dienstleistungen.php","meta":{"_acf_changed":false,"footnotes":""},"class_list":["post-7230","page","type-page","status-publish","hentry"],"acf":[],"yoast_head":"<!-- This site is optimized with the Yoast SEO plugin v27.2 - https:\/\/yoast.com\/product\/yoast-seo-wordpress\/ -->\n<title>CAD\/CAM Oprogramowanie - Us\u0142ugi - WiCAM<\/title>\n<meta name=\"description\" content=\"Us\u0142ugi piszemy przez du\u017ce U w firmie WiCAM. Oferujemy fachow\u0105 wiedz\u0119 i fachow\u0105 pomoc na ka\u017cdym etapie: Od porad przed zakupem po instalacj\u0119 oprogramowania, szkolenia i wsparcia po sprzeda\u017cy.\" \/>\n<meta name=\"robots\" content=\"index, follow, max-snippet:-1, max-image-preview:large, max-video-preview:-1\" \/>\n<link rel=\"canonical\" href=\"https:\/\/wicam.com\/pl\/uslugi\/\" \/>\n<meta property=\"og:locale\" content=\"pl_PL\" \/>\n<meta property=\"og:type\" content=\"article\" \/>\n<meta property=\"og:title\" content=\"CAD\/CAM Oprogramowanie - Us\u0142ugi - WiCAM\" \/>\n<meta property=\"og:description\" content=\"Us\u0142ugi piszemy przez du\u017ce U w firmie WiCAM. Oferujemy fachow\u0105 wiedz\u0119 i fachow\u0105 pomoc na ka\u017cdym etapie: Od porad przed zakupem po instalacj\u0119 oprogramowania, szkolenia i wsparcia po sprzeda\u017cy.\" \/>\n<meta property=\"og:url\" content=\"https:\/\/wicam.com\/pl\/uslugi\/\" \/>\n<meta property=\"og:site_name\" content=\"WiCAM\" \/>\n<meta property=\"article:modified_time\" content=\"2020-09-20T13:33:01+00:00\" \/>\n<meta name=\"twitter:card\" content=\"summary_large_image\" \/>\n<script type=\"application\/ld+json\" class=\"yoast-schema-graph\">{\"@context\":\"https:\/\/schema.org\",\"@graph\":[{\"@type\":\"WebPage\",\"@id\":\"https:\/\/wicam.com\/pl\/uslugi\/\",\"url\":\"https:\/\/wicam.com\/pl\/uslugi\/\",\"name\":\"CAD\/CAM Oprogramowanie - Us\u0142ugi - WiCAM\",\"isPartOf\":{\"@id\":\"https:\/\/wicam.com\/pl\/#website\"},\"datePublished\":\"2018-07-05T14:34:54+00:00\",\"dateModified\":\"2020-09-20T13:33:01+00:00\",\"description\":\"Us\u0142ugi piszemy przez du\u017ce U w firmie WiCAM. Oferujemy fachow\u0105 wiedz\u0119 i fachow\u0105 pomoc na ka\u017cdym etapie: Od porad przed zakupem po instalacj\u0119 oprogramowania, szkolenia i wsparcia po sprzeda\u017cy.\",\"breadcrumb\":{\"@id\":\"https:\/\/wicam.com\/pl\/uslugi\/#breadcrumb\"},\"inLanguage\":\"pl-PL\",\"potentialAction\":[{\"@type\":\"ReadAction\",\"target\":[\"https:\/\/wicam.com\/pl\/uslugi\/\"]}]},{\"@type\":\"BreadcrumbList\",\"@id\":\"https:\/\/wicam.com\/pl\/uslugi\/#breadcrumb\",\"itemListElement\":[{\"@type\":\"ListItem\",\"position\":1,\"name\":\"Startseite\",\"item\":\"https:\/\/wicam.com\/pl\/\"},{\"@type\":\"ListItem\",\"position\":2,\"name\":\"Us\u0142ugi\"}]},{\"@type\":\"WebSite\",\"@id\":\"https:\/\/wicam.com\/pl\/#website\",\"url\":\"https:\/\/wicam.com\/pl\/\",\"name\":\"WiCAM\",\"description\":\"Technische Software\",\"potentialAction\":[{\"@type\":\"SearchAction\",\"target\":{\"@type\":\"EntryPoint\",\"urlTemplate\":\"https:\/\/wicam.com\/pl\/?s={search_term_string}\"},\"query-input\":{\"@type\":\"PropertyValueSpecification\",\"valueRequired\":true,\"valueName\":\"search_term_string\"}}],\"inLanguage\":\"pl-PL\"}]}<\/script>\n<!-- \/ Yoast SEO plugin. -->","yoast_head_json":{"title":"CAD\/CAM Oprogramowanie - Us\u0142ugi - WiCAM","description":"Us\u0142ugi piszemy przez du\u017ce U w firmie WiCAM. Oferujemy fachow\u0105 wiedz\u0119 i fachow\u0105 pomoc na ka\u017cdym etapie: Od porad przed zakupem po instalacj\u0119 oprogramowania, szkolenia i wsparcia po sprzeda\u017cy.","robots":{"index":"index","follow":"follow","max-snippet":"max-snippet:-1","max-image-preview":"max-image-preview:large","max-video-preview":"max-video-preview:-1"},"canonical":"https:\/\/wicam.com\/pl\/uslugi\/","og_locale":"pl_PL","og_type":"article","og_title":"CAD\/CAM Oprogramowanie - Us\u0142ugi - WiCAM","og_description":"Us\u0142ugi piszemy przez du\u017ce U w firmie WiCAM. Oferujemy fachow\u0105 wiedz\u0119 i fachow\u0105 pomoc na ka\u017cdym etapie: Od porad przed zakupem po instalacj\u0119 oprogramowania, szkolenia i wsparcia po sprzeda\u017cy.","og_url":"https:\/\/wicam.com\/pl\/uslugi\/","og_site_name":"WiCAM","article_modified_time":"2020-09-20T13:33:01+00:00","twitter_card":"summary_large_image","schema":{"@context":"https:\/\/schema.org","@graph":[{"@type":"WebPage","@id":"https:\/\/wicam.com\/pl\/uslugi\/","url":"https:\/\/wicam.com\/pl\/uslugi\/","name":"CAD\/CAM Oprogramowanie - Us\u0142ugi - WiCAM","isPartOf":{"@id":"https:\/\/wicam.com\/pl\/#website"},"datePublished":"2018-07-05T14:34:54+00:00","dateModified":"2020-09-20T13:33:01+00:00","description":"Us\u0142ugi piszemy przez du\u017ce U w firmie WiCAM. Oferujemy fachow\u0105 wiedz\u0119 i fachow\u0105 pomoc na ka\u017cdym etapie: Od porad przed zakupem po instalacj\u0119 oprogramowania, szkolenia i wsparcia po sprzeda\u017cy.","breadcrumb":{"@id":"https:\/\/wicam.com\/pl\/uslugi\/#breadcrumb"},"inLanguage":"pl-PL","potentialAction":[{"@type":"ReadAction","target":["https:\/\/wicam.com\/pl\/uslugi\/"]}]},{"@type":"BreadcrumbList","@id":"https:\/\/wicam.com\/pl\/uslugi\/#breadcrumb","itemListElement":[{"@type":"ListItem","position":1,"name":"Startseite","item":"https:\/\/wicam.com\/pl\/"},{"@type":"ListItem","position":2,"name":"Us\u0142ugi"}]},{"@type":"WebSite","@id":"https:\/\/wicam.com\/pl\/#website","url":"https:\/\/wicam.com\/pl\/","name":"WiCAM","description":"Technische Software","potentialAction":[{"@type":"SearchAction","target":{"@type":"EntryPoint","urlTemplate":"https:\/\/wicam.com\/pl\/?s={search_term_string}"},"query-input":{"@type":"PropertyValueSpecification","valueRequired":true,"valueName":"search_term_string"}}],"inLanguage":"pl-PL"}]}},"_links":{"self":[{"href":"https:\/\/wicam.com\/pl\/wp-json\/wp\/v2\/pages\/7230","targetHints":{"allow":["GET"]}}],"collection":[{"href":"https:\/\/wicam.com\/pl\/wp-json\/wp\/v2\/pages"}],"about":[{"href":"https:\/\/wicam.com\/pl\/wp-json\/wp\/v2\/types\/page"}],"author":[{"embeddable":true,"href":"https:\/\/wicam.com\/pl\/wp-json\/wp\/v2\/users\/1"}],"replies":[{"embeddable":true,"href":"https:\/\/wicam.com\/pl\/wp-json\/wp\/v2\/comments?post=7230"}],"version-history":[{"count":0,"href":"https:\/\/wicam.com\/pl\/wp-json\/wp\/v2\/pages\/7230\/revisions"}],"wp:attachment":[{"href":"https:\/\/wicam.com\/pl\/wp-json\/wp\/v2\/media?parent=7230"}],"curies":[{"name":"wp","href":"https:\/\/api.w.org\/{rel}","templated":true}]}}