{"id":7237,"date":"2018-08-31T15:56:47","date_gmt":"2018-08-31T13:56:47","guid":{"rendered":"https:\/\/www.wicam.com\/uslugi\/training\/"},"modified":"2020-09-20T15:38:39","modified_gmt":"2020-09-20T13:38:39","slug":"szkolenia","status":"publish","type":"page","link":"https:\/\/wicam.com\/pl\/uslugi\/szkolenia\/","title":{"rendered":"Szkolenia"},"content":{"rendered":"<p>Dobrze przeszkoleni i zmotywowani pracownicy to klucz do sukcesu w biznesie. Te szkolenia, organizowane przez firm\u0119 WiCAM, s\u0105 w\u0142a\u015bnie dla nich.<\/p>\n<p>Umo\u017cliwiaj\u0105 one dobr\u0105 i efektywn\u0105 prac\u0119 z naszymi produktami. Nasi do\u015bwiadczeni instruktorzy gwarantuj\u0105, \u017ce pracownicy dobrze zrozumiej\u0105 technologi\u0119 i b\u0119d\u0105 mogli j\u0105 wykorzysta\u0107 ju\u017c kolejnego dnia.<\/p>\n","protected":false},"excerpt":{"rendered":"<p>Dobrze przeszkoleni i zmotywowani pracownicy to klucz do sukcesu w biznesie. Te szkolenia, organizowane przez firm\u0119 WiCAM, s\u0105 w\u0142a\u015bnie dla nich. Umo\u017cliwiaj\u0105 one dobr\u0105 i efektywn\u0105 prac\u0119 z naszymi produktami. Nasi do\u015bwiadczeni instruktorzy gwarantuj\u0105, \u017ce pracownicy dobrze zrozumiej\u0105 technologi\u0119 i b\u0119d\u0105 mogli j\u0105 wykorzysta\u0107 ju\u017c kolejnego dnia.<\/p>\n","protected":false},"author":1,"featured_media":0,"parent":7230,"menu_order":0,"comment_status":"closed","ping_status":"closed","template":"page-dienstleistungen-single.php","meta":{"_acf_changed":false,"footnotes":""},"class_list":["post-7237","page","type-page","status-publish","hentry"],"acf":[],"yoast_head":"<!-- This site is optimized with the Yoast SEO plugin v27.2 - https:\/\/yoast.com\/product\/yoast-seo-wordpress\/ -->\n<title>CAD\/CAM Oprogramowanie - Szkolenia - WiCAM<\/title>\n<meta name=\"description\" content=\"Dobrze przeszkoleni i zmotywowani pracownicy to klucz do sukcesu w biznesie. Te szkolenia, organizowane przez firm\u0119 WiCAM, s\u0105 w\u0142a\u015bnie dla nich.\" \/>\n<meta name=\"robots\" content=\"index, follow, max-snippet:-1, max-image-preview:large, max-video-preview:-1\" \/>\n<link rel=\"canonical\" href=\"https:\/\/wicam.com\/pl\/uslugi\/szkolenia\/\" \/>\n<meta property=\"og:locale\" content=\"pl_PL\" \/>\n<meta property=\"og:type\" content=\"article\" \/>\n<meta property=\"og:title\" content=\"CAD\/CAM Oprogramowanie - Szkolenia - WiCAM\" \/>\n<meta property=\"og:description\" content=\"Dobrze przeszkoleni i zmotywowani pracownicy to klucz do sukcesu w biznesie. Te szkolenia, organizowane przez firm\u0119 WiCAM, s\u0105 w\u0142a\u015bnie dla nich.\" \/>\n<meta property=\"og:url\" content=\"https:\/\/wicam.com\/pl\/uslugi\/szkolenia\/\" \/>\n<meta property=\"og:site_name\" content=\"WiCAM\" \/>\n<meta property=\"article:modified_time\" content=\"2020-09-20T13:38:39+00:00\" \/>\n<meta name=\"twitter:card\" content=\"summary_large_image\" \/>\n<script type=\"application\/ld+json\" class=\"yoast-schema-graph\">{\"@context\":\"https:\/\/schema.org\",\"@graph\":[{\"@type\":\"WebPage\",\"@id\":\"https:\/\/wicam.com\/pl\/uslugi\/szkolenia\/\",\"url\":\"https:\/\/wicam.com\/pl\/uslugi\/szkolenia\/\",\"name\":\"CAD\/CAM Oprogramowanie - Szkolenia - WiCAM\",\"isPartOf\":{\"@id\":\"https:\/\/wicam.com\/pl\/#website\"},\"datePublished\":\"2018-08-31T13:56:47+00:00\",\"dateModified\":\"2020-09-20T13:38:39+00:00\",\"description\":\"Dobrze przeszkoleni i zmotywowani pracownicy to klucz do sukcesu w biznesie. Te szkolenia, organizowane przez firm\u0119 WiCAM, s\u0105 w\u0142a\u015bnie dla nich.\",\"breadcrumb\":{\"@id\":\"https:\/\/wicam.com\/pl\/uslugi\/szkolenia\/#breadcrumb\"},\"inLanguage\":\"pl-PL\",\"potentialAction\":[{\"@type\":\"ReadAction\",\"target\":[\"https:\/\/wicam.com\/pl\/uslugi\/szkolenia\/\"]}]},{\"@type\":\"BreadcrumbList\",\"@id\":\"https:\/\/wicam.com\/pl\/uslugi\/szkolenia\/#breadcrumb\",\"itemListElement\":[{\"@type\":\"ListItem\",\"position\":1,\"name\":\"Startseite\",\"item\":\"https:\/\/wicam.com\/pl\/\"},{\"@type\":\"ListItem\",\"position\":2,\"name\":\"Us\u0142ugi\",\"item\":\"https:\/\/wicam.com\/pl\/uslugi\/\"},{\"@type\":\"ListItem\",\"position\":3,\"name\":\"Szkolenia\"}]},{\"@type\":\"WebSite\",\"@id\":\"https:\/\/wicam.com\/pl\/#website\",\"url\":\"https:\/\/wicam.com\/pl\/\",\"name\":\"WiCAM\",\"description\":\"Technische Software\",\"potentialAction\":[{\"@type\":\"SearchAction\",\"target\":{\"@type\":\"EntryPoint\",\"urlTemplate\":\"https:\/\/wicam.com\/pl\/?s={search_term_string}\"},\"query-input\":{\"@type\":\"PropertyValueSpecification\",\"valueRequired\":true,\"valueName\":\"search_term_string\"}}],\"inLanguage\":\"pl-PL\"}]}<\/script>\n<!-- \/ Yoast SEO plugin. -->","yoast_head_json":{"title":"CAD\/CAM Oprogramowanie - Szkolenia - WiCAM","description":"Dobrze przeszkoleni i zmotywowani pracownicy to klucz do sukcesu w biznesie. Te szkolenia, organizowane przez firm\u0119 WiCAM, s\u0105 w\u0142a\u015bnie dla nich.","robots":{"index":"index","follow":"follow","max-snippet":"max-snippet:-1","max-image-preview":"max-image-preview:large","max-video-preview":"max-video-preview:-1"},"canonical":"https:\/\/wicam.com\/pl\/uslugi\/szkolenia\/","og_locale":"pl_PL","og_type":"article","og_title":"CAD\/CAM Oprogramowanie - Szkolenia - WiCAM","og_description":"Dobrze przeszkoleni i zmotywowani pracownicy to klucz do sukcesu w biznesie. Te szkolenia, organizowane przez firm\u0119 WiCAM, s\u0105 w\u0142a\u015bnie dla nich.","og_url":"https:\/\/wicam.com\/pl\/uslugi\/szkolenia\/","og_site_name":"WiCAM","article_modified_time":"2020-09-20T13:38:39+00:00","twitter_card":"summary_large_image","schema":{"@context":"https:\/\/schema.org","@graph":[{"@type":"WebPage","@id":"https:\/\/wicam.com\/pl\/uslugi\/szkolenia\/","url":"https:\/\/wicam.com\/pl\/uslugi\/szkolenia\/","name":"CAD\/CAM Oprogramowanie - Szkolenia - WiCAM","isPartOf":{"@id":"https:\/\/wicam.com\/pl\/#website"},"datePublished":"2018-08-31T13:56:47+00:00","dateModified":"2020-09-20T13:38:39+00:00","description":"Dobrze przeszkoleni i zmotywowani pracownicy to klucz do sukcesu w biznesie. Te szkolenia, organizowane przez firm\u0119 WiCAM, s\u0105 w\u0142a\u015bnie dla nich.","breadcrumb":{"@id":"https:\/\/wicam.com\/pl\/uslugi\/szkolenia\/#breadcrumb"},"inLanguage":"pl-PL","potentialAction":[{"@type":"ReadAction","target":["https:\/\/wicam.com\/pl\/uslugi\/szkolenia\/"]}]},{"@type":"BreadcrumbList","@id":"https:\/\/wicam.com\/pl\/uslugi\/szkolenia\/#breadcrumb","itemListElement":[{"@type":"ListItem","position":1,"name":"Startseite","item":"https:\/\/wicam.com\/pl\/"},{"@type":"ListItem","position":2,"name":"Us\u0142ugi","item":"https:\/\/wicam.com\/pl\/uslugi\/"},{"@type":"ListItem","position":3,"name":"Szkolenia"}]},{"@type":"WebSite","@id":"https:\/\/wicam.com\/pl\/#website","url":"https:\/\/wicam.com\/pl\/","name":"WiCAM","description":"Technische Software","potentialAction":[{"@type":"SearchAction","target":{"@type":"EntryPoint","urlTemplate":"https:\/\/wicam.com\/pl\/?s={search_term_string}"},"query-input":{"@type":"PropertyValueSpecification","valueRequired":true,"valueName":"search_term_string"}}],"inLanguage":"pl-PL"}]}},"_links":{"self":[{"href":"https:\/\/wicam.com\/pl\/wp-json\/wp\/v2\/pages\/7237","targetHints":{"allow":["GET"]}}],"collection":[{"href":"https:\/\/wicam.com\/pl\/wp-json\/wp\/v2\/pages"}],"about":[{"href":"https:\/\/wicam.com\/pl\/wp-json\/wp\/v2\/types\/page"}],"author":[{"embeddable":true,"href":"https:\/\/wicam.com\/pl\/wp-json\/wp\/v2\/users\/1"}],"replies":[{"embeddable":true,"href":"https:\/\/wicam.com\/pl\/wp-json\/wp\/v2\/comments?post=7237"}],"version-history":[{"count":0,"href":"https:\/\/wicam.com\/pl\/wp-json\/wp\/v2\/pages\/7237\/revisions"}],"up":[{"embeddable":true,"href":"https:\/\/wicam.com\/pl\/wp-json\/wp\/v2\/pages\/7230"}],"wp:attachment":[{"href":"https:\/\/wicam.com\/pl\/wp-json\/wp\/v2\/media?parent=7237"}],"curies":[{"name":"wp","href":"https:\/\/api.w.org\/{rel}","templated":true}]}}