{"id":7865,"date":"2018-07-25T09:42:16","date_gmt":"2018-07-25T07:42:16","guid":{"rendered":"https:\/\/www.wicam.com\/messen-events\/"},"modified":"2026-03-16T10:42:02","modified_gmt":"2026-03-16T09:42:02","slug":"wydarzenia","status":"publish","type":"page","link":"https:\/\/wicam.com\/pl\/wydarzenia\/","title":{"rendered":"Wydarzenia"},"content":{"rendered":"","protected":false},"excerpt":{"rendered":"","protected":false},"author":1,"featured_media":0,"parent":0,"menu_order":0,"comment_status":"closed","ping_status":"closed","template":"page-messen-events.php","meta":{"_acf_changed":false,"footnotes":""},"class_list":["post-7865","page","type-page","status-publish","hentry"],"acf":[],"yoast_head":"<!-- This site is optimized with the Yoast SEO plugin v27.2 - https:\/\/yoast.com\/product\/yoast-seo-wordpress\/ -->\n<title>CAD\/CAM Oprogramowanie - Wydarzenia - WiCAM<\/title>\n<meta name=\"description\" content=\"Pomys\u0142 na stworzenie oprogramowania do komputerowego wspomagania przemys\u0142u (CAM) powsta\u0142 w g\u0142owie lidera WiCAM GmbH Technische Software Pana Haralda Wilkesmanna w roku 1986.\" \/>\n<meta name=\"robots\" content=\"index, follow, max-snippet:-1, max-image-preview:large, max-video-preview:-1\" \/>\n<link rel=\"canonical\" href=\"https:\/\/wicam.com\/pl\/wydarzenia\/\" \/>\n<meta property=\"og:locale\" content=\"pl_PL\" \/>\n<meta property=\"og:type\" content=\"article\" \/>\n<meta property=\"og:title\" content=\"CAD\/CAM Oprogramowanie - Wydarzenia - WiCAM\" \/>\n<meta property=\"og:description\" content=\"Pomys\u0142 na stworzenie oprogramowania do komputerowego wspomagania przemys\u0142u (CAM) powsta\u0142 w g\u0142owie lidera WiCAM GmbH Technische Software Pana Haralda Wilkesmanna w roku 1986.\" \/>\n<meta property=\"og:url\" content=\"https:\/\/wicam.com\/pl\/wydarzenia\/\" \/>\n<meta property=\"og:site_name\" content=\"WiCAM\" \/>\n<meta property=\"article:modified_time\" content=\"2026-03-16T09:42:02+00:00\" \/>\n<meta name=\"twitter:card\" content=\"summary_large_image\" \/>\n<meta name=\"twitter:label1\" content=\"Szacowany czas czytania\" \/>\n\t<meta name=\"twitter:data1\" content=\"2 minuty\" \/>\n<script type=\"application\/ld+json\" class=\"yoast-schema-graph\">{\"@context\":\"https:\/\/schema.org\",\"@graph\":[{\"@type\":\"WebPage\",\"@id\":\"https:\/\/wicam.com\/pl\/wydarzenia\/\",\"url\":\"https:\/\/wicam.com\/pl\/wydarzenia\/\",\"name\":\"CAD\/CAM Oprogramowanie - Wydarzenia - WiCAM\",\"isPartOf\":{\"@id\":\"https:\/\/wicam.com\/pl\/#website\"},\"datePublished\":\"2018-07-25T07:42:16+00:00\",\"dateModified\":\"2026-03-16T09:42:02+00:00\",\"description\":\"Pomys\u0142 na stworzenie oprogramowania do komputerowego wspomagania przemys\u0142u (CAM) powsta\u0142 w g\u0142owie lidera WiCAM GmbH Technische Software Pana Haralda Wilkesmanna w roku 1986.\",\"breadcrumb\":{\"@id\":\"https:\/\/wicam.com\/pl\/wydarzenia\/#breadcrumb\"},\"inLanguage\":\"pl-PL\",\"potentialAction\":[{\"@type\":\"ReadAction\",\"target\":[\"https:\/\/wicam.com\/pl\/wydarzenia\/\"]}]},{\"@type\":\"BreadcrumbList\",\"@id\":\"https:\/\/wicam.com\/pl\/wydarzenia\/#breadcrumb\",\"itemListElement\":[{\"@type\":\"ListItem\",\"position\":1,\"name\":\"Startseite\",\"item\":\"https:\/\/wicam.com\/pl\/\"},{\"@type\":\"ListItem\",\"position\":2,\"name\":\"Wydarzenia\"}]},{\"@type\":\"WebSite\",\"@id\":\"https:\/\/wicam.com\/pl\/#website\",\"url\":\"https:\/\/wicam.com\/pl\/\",\"name\":\"WiCAM\",\"description\":\"Technische Software\",\"potentialAction\":[{\"@type\":\"SearchAction\",\"target\":{\"@type\":\"EntryPoint\",\"urlTemplate\":\"https:\/\/wicam.com\/pl\/?s={search_term_string}\"},\"query-input\":{\"@type\":\"PropertyValueSpecification\",\"valueRequired\":true,\"valueName\":\"search_term_string\"}}],\"inLanguage\":\"pl-PL\"}]}<\/script>\n<!-- \/ Yoast SEO plugin. -->","yoast_head_json":{"title":"CAD\/CAM Oprogramowanie - Wydarzenia - WiCAM","description":"Pomys\u0142 na stworzenie oprogramowania do komputerowego wspomagania przemys\u0142u (CAM) powsta\u0142 w g\u0142owie lidera WiCAM GmbH Technische Software Pana Haralda Wilkesmanna w roku 1986.","robots":{"index":"index","follow":"follow","max-snippet":"max-snippet:-1","max-image-preview":"max-image-preview:large","max-video-preview":"max-video-preview:-1"},"canonical":"https:\/\/wicam.com\/pl\/wydarzenia\/","og_locale":"pl_PL","og_type":"article","og_title":"CAD\/CAM Oprogramowanie - Wydarzenia - WiCAM","og_description":"Pomys\u0142 na stworzenie oprogramowania do komputerowego wspomagania przemys\u0142u (CAM) powsta\u0142 w g\u0142owie lidera WiCAM GmbH Technische Software Pana Haralda Wilkesmanna w roku 1986.","og_url":"https:\/\/wicam.com\/pl\/wydarzenia\/","og_site_name":"WiCAM","article_modified_time":"2026-03-16T09:42:02+00:00","twitter_card":"summary_large_image","twitter_misc":{"Szacowany czas czytania":"2 minuty"},"schema":{"@context":"https:\/\/schema.org","@graph":[{"@type":"WebPage","@id":"https:\/\/wicam.com\/pl\/wydarzenia\/","url":"https:\/\/wicam.com\/pl\/wydarzenia\/","name":"CAD\/CAM Oprogramowanie - Wydarzenia - WiCAM","isPartOf":{"@id":"https:\/\/wicam.com\/pl\/#website"},"datePublished":"2018-07-25T07:42:16+00:00","dateModified":"2026-03-16T09:42:02+00:00","description":"Pomys\u0142 na stworzenie oprogramowania do komputerowego wspomagania przemys\u0142u (CAM) powsta\u0142 w g\u0142owie lidera WiCAM GmbH Technische Software Pana Haralda Wilkesmanna w roku 1986.","breadcrumb":{"@id":"https:\/\/wicam.com\/pl\/wydarzenia\/#breadcrumb"},"inLanguage":"pl-PL","potentialAction":[{"@type":"ReadAction","target":["https:\/\/wicam.com\/pl\/wydarzenia\/"]}]},{"@type":"BreadcrumbList","@id":"https:\/\/wicam.com\/pl\/wydarzenia\/#breadcrumb","itemListElement":[{"@type":"ListItem","position":1,"name":"Startseite","item":"https:\/\/wicam.com\/pl\/"},{"@type":"ListItem","position":2,"name":"Wydarzenia"}]},{"@type":"WebSite","@id":"https:\/\/wicam.com\/pl\/#website","url":"https:\/\/wicam.com\/pl\/","name":"WiCAM","description":"Technische Software","potentialAction":[{"@type":"SearchAction","target":{"@type":"EntryPoint","urlTemplate":"https:\/\/wicam.com\/pl\/?s={search_term_string}"},"query-input":{"@type":"PropertyValueSpecification","valueRequired":true,"valueName":"search_term_string"}}],"inLanguage":"pl-PL"}]}},"_links":{"self":[{"href":"https:\/\/wicam.com\/pl\/wp-json\/wp\/v2\/pages\/7865","targetHints":{"allow":["GET"]}}],"collection":[{"href":"https:\/\/wicam.com\/pl\/wp-json\/wp\/v2\/pages"}],"about":[{"href":"https:\/\/wicam.com\/pl\/wp-json\/wp\/v2\/types\/page"}],"author":[{"embeddable":true,"href":"https:\/\/wicam.com\/pl\/wp-json\/wp\/v2\/users\/1"}],"replies":[{"embeddable":true,"href":"https:\/\/wicam.com\/pl\/wp-json\/wp\/v2\/comments?post=7865"}],"version-history":[{"count":1,"href":"https:\/\/wicam.com\/pl\/wp-json\/wp\/v2\/pages\/7865\/revisions"}],"predecessor-version":[{"id":81330,"href":"https:\/\/wicam.com\/pl\/wp-json\/wp\/v2\/pages\/7865\/revisions\/81330"}],"wp:attachment":[{"href":"https:\/\/wicam.com\/pl\/wp-json\/wp\/v2\/media?parent=7865"}],"curies":[{"name":"wp","href":"https:\/\/api.w.org\/{rel}","templated":true}]}}