{"id":7938,"date":"2018-07-25T09:55:36","date_gmt":"2018-07-25T07:55:36","guid":{"rendered":"https:\/\/www.wicam.com\/cadcam-nesting-software\/pn4000\/"},"modified":"2025-04-14T14:38:25","modified_gmt":"2025-04-14T12:38:25","slug":"pn4000","status":"publish","type":"page","link":"https:\/\/wicam.com\/pl\/cadcam-oprogramowanie\/pn4000\/","title":{"rendered":"System CAD\/CAM"},"content":{"rendered":"<h2>CAD\/CAM System<\/h2>\n<p><img loading=\"lazy\" decoding=\"async\" class=\"alignright wp-image-22828\" src=\"https:\/\/www.wicam.com\/wp-content\/uploads\/2022\/03\/pn4000-300x278.png\" alt=\"\" width=\"375\" height=\"348\" srcset=\"https:\/\/wicam.com\/wp-content\/uploads\/2022\/03\/pn4000-300x278.png 300w, https:\/\/wicam.com\/wp-content\/uploads\/2022\/03\/pn4000-768x712.png 768w, https:\/\/wicam.com\/wp-content\/uploads\/2022\/03\/pn4000.png 1000w\" sizes=\"auto, (max-width: 375px) 100vw, 375px\" \/><strong>PN4000<\/strong> jest to system CAD-\/CAM poszerzony o modu\u0142y do automatycznego programowania maszyn NC pracuj\u0105cych w technologii ci\u0119cia (laser, autogen, plazma, waterjet) wykrawania, maszyn kombi, \u015bcinania i frezowania.<\/p>\n<p>Nasi specjali\u015bci wsp\u00f3lnie z Pa\u0144stwem analizuj\u0105 wymagania i zestawiaj\u0105 potrzebne modu\u0142y &#8211; i w razie potrzeby ustalaj\u0105 indywidualny rozw\u00f3j \/ adaptacj\u0119.<\/p>\n<h4>Mo\u017cliwo\u015bci<\/h4>\n<ul>\n<li>Przep\u0142yw danych w r\u00f3\u017cnych modu\u0142ach<\/li>\n<li>Funkcje koncepcyjne i detekcyjne w pe\u0142ni zautomatyzowane<\/li>\n<li>R\u0119czne zmiany na komponencie i na l\u0119gowisku w dowolnym momencie<\/li>\n<li>Optymalizator dla najkr\u00f3tszych odleg\u0142o\u015bci i czasu trwania proces\u00f3w<\/li>\n<li>Darmowe, definiowalne makra<\/li>\n<li>Zagnie\u017cd\u017canie dowolnej geometrii<\/li>\n<\/ul>\n<p><a class=\"btn\" href=\"\/pl\/contact\/\">Prezentacja<\/a><\/p>\n","protected":false},"excerpt":{"rendered":"<p>CAD\/CAM System PN4000 jest to system CAD-\/CAM poszerzony o modu\u0142y do automatycznego programowania maszyn NC pracuj\u0105cych w technologii ci\u0119cia (laser, autogen, plazma, waterjet) wykrawania, maszyn kombi, \u015bcinania i frezowania. Nasi specjali\u015bci wsp\u00f3lnie z Pa\u0144stwem analizuj\u0105 wymagania i zestawiaj\u0105 potrzebne modu\u0142y &#8211; i w razie potrzeby ustalaj\u0105 indywidualny rozw\u00f3j \/ adaptacj\u0119. Mo\u017cliwo\u015bci Przep\u0142yw danych w r\u00f3\u017cnych [&hellip;]<\/p>\n","protected":false},"author":1,"featured_media":0,"parent":7222,"menu_order":0,"comment_status":"closed","ping_status":"closed","template":"page-software-single.php","meta":{"_acf_changed":false,"footnotes":""},"class_list":["post-7938","page","type-page","status-publish","hentry"],"acf":[],"yoast_head":"<!-- This site is optimized with the Yoast SEO plugin v27.2 - https:\/\/yoast.com\/product\/yoast-seo-wordpress\/ -->\n<title>System CAD\/CAM - PN4000 - WiCAM<\/title>\n<meta name=\"description\" content=\"PN4000 jest to system CAD-\/CAM poszerzony o modu\u0142y do automatycznego programowania maszyn NC pracuj\u0105cych w technologii ci\u0119cia (laser, autogen, plazma, waterjet) wykrawania, maszyn kombi, \u015bcinania i frezowania.\" \/>\n<meta name=\"robots\" content=\"index, follow, max-snippet:-1, max-image-preview:large, max-video-preview:-1\" \/>\n<link rel=\"canonical\" href=\"https:\/\/wicam.com\/pl\/cadcam-oprogramowanie\/pn4000\/\" \/>\n<meta property=\"og:locale\" content=\"pl_PL\" \/>\n<meta property=\"og:type\" content=\"article\" \/>\n<meta property=\"og:title\" content=\"System CAD\/CAM - PN4000 - WiCAM\" \/>\n<meta property=\"og:description\" content=\"PN4000 jest to system CAD-\/CAM poszerzony o modu\u0142y do automatycznego programowania maszyn NC pracuj\u0105cych w technologii ci\u0119cia (laser, autogen, plazma, waterjet) wykrawania, maszyn kombi, \u015bcinania i frezowania.\" \/>\n<meta property=\"og:url\" content=\"https:\/\/wicam.com\/pl\/cadcam-oprogramowanie\/pn4000\/\" \/>\n<meta property=\"og:site_name\" content=\"WiCAM\" \/>\n<meta property=\"article:modified_time\" content=\"2025-04-14T12:38:25+00:00\" \/>\n<meta property=\"og:image\" content=\"https:\/\/www.wicam.com\/wp-content\/uploads\/2022\/03\/pn4000-300x278.png\" \/>\n<meta name=\"twitter:card\" content=\"summary_large_image\" \/>\n<meta name=\"twitter:label1\" content=\"Szacowany czas czytania\" \/>\n\t<meta name=\"twitter:data1\" content=\"4 minuty\" \/>\n<script type=\"application\/ld+json\" class=\"yoast-schema-graph\">{\"@context\":\"https:\/\/schema.org\",\"@graph\":[{\"@type\":\"WebPage\",\"@id\":\"https:\/\/wicam.com\/pl\/cadcam-oprogramowanie\/pn4000\/\",\"url\":\"https:\/\/wicam.com\/pl\/cadcam-oprogramowanie\/pn4000\/\",\"name\":\"System CAD\/CAM - PN4000 - WiCAM\",\"isPartOf\":{\"@id\":\"https:\/\/wicam.com\/pl\/#website\"},\"primaryImageOfPage\":{\"@id\":\"https:\/\/wicam.com\/pl\/cadcam-oprogramowanie\/pn4000\/#primaryimage\"},\"image\":{\"@id\":\"https:\/\/wicam.com\/pl\/cadcam-oprogramowanie\/pn4000\/#primaryimage\"},\"thumbnailUrl\":\"https:\/\/www.wicam.com\/wp-content\/uploads\/2022\/03\/pn4000-300x278.png\",\"datePublished\":\"2018-07-25T07:55:36+00:00\",\"dateModified\":\"2025-04-14T12:38:25+00:00\",\"description\":\"PN4000 jest to system CAD-\/CAM poszerzony o modu\u0142y do automatycznego programowania maszyn NC pracuj\u0105cych w technologii ci\u0119cia (laser, autogen, plazma, waterjet) wykrawania, maszyn kombi, \u015bcinania i frezowania.\",\"breadcrumb\":{\"@id\":\"https:\/\/wicam.com\/pl\/cadcam-oprogramowanie\/pn4000\/#breadcrumb\"},\"inLanguage\":\"pl-PL\",\"potentialAction\":[{\"@type\":\"ReadAction\",\"target\":[\"https:\/\/wicam.com\/pl\/cadcam-oprogramowanie\/pn4000\/\"]}]},{\"@type\":\"ImageObject\",\"inLanguage\":\"pl-PL\",\"@id\":\"https:\/\/wicam.com\/pl\/cadcam-oprogramowanie\/pn4000\/#primaryimage\",\"url\":\"https:\/\/www.wicam.com\/wp-content\/uploads\/2022\/03\/pn4000-300x278.png\",\"contentUrl\":\"https:\/\/www.wicam.com\/wp-content\/uploads\/2022\/03\/pn4000-300x278.png\"},{\"@type\":\"BreadcrumbList\",\"@id\":\"https:\/\/wicam.com\/pl\/cadcam-oprogramowanie\/pn4000\/#breadcrumb\",\"itemListElement\":[{\"@type\":\"ListItem\",\"position\":1,\"name\":\"Startseite\",\"item\":\"https:\/\/wicam.com\/pl\/\"},{\"@type\":\"ListItem\",\"position\":2,\"name\":\"Oprogramowanie\",\"item\":\"https:\/\/wicam.com\/pl\/cadcam-oprogramowanie\/\"},{\"@type\":\"ListItem\",\"position\":3,\"name\":\"System CAD\/CAM\"}]},{\"@type\":\"WebSite\",\"@id\":\"https:\/\/wicam.com\/pl\/#website\",\"url\":\"https:\/\/wicam.com\/pl\/\",\"name\":\"WiCAM\",\"description\":\"Technische Software\",\"potentialAction\":[{\"@type\":\"SearchAction\",\"target\":{\"@type\":\"EntryPoint\",\"urlTemplate\":\"https:\/\/wicam.com\/pl\/?s={search_term_string}\"},\"query-input\":{\"@type\":\"PropertyValueSpecification\",\"valueRequired\":true,\"valueName\":\"search_term_string\"}}],\"inLanguage\":\"pl-PL\"}]}<\/script>\n<!-- \/ Yoast SEO plugin. -->","yoast_head_json":{"title":"System CAD\/CAM - PN4000 - WiCAM","description":"PN4000 jest to system CAD-\/CAM poszerzony o modu\u0142y do automatycznego programowania maszyn NC pracuj\u0105cych w technologii ci\u0119cia (laser, autogen, plazma, waterjet) wykrawania, maszyn kombi, \u015bcinania i frezowania.","robots":{"index":"index","follow":"follow","max-snippet":"max-snippet:-1","max-image-preview":"max-image-preview:large","max-video-preview":"max-video-preview:-1"},"canonical":"https:\/\/wicam.com\/pl\/cadcam-oprogramowanie\/pn4000\/","og_locale":"pl_PL","og_type":"article","og_title":"System CAD\/CAM - PN4000 - WiCAM","og_description":"PN4000 jest to system CAD-\/CAM poszerzony o modu\u0142y do automatycznego programowania maszyn NC pracuj\u0105cych w technologii ci\u0119cia (laser, autogen, plazma, waterjet) wykrawania, maszyn kombi, \u015bcinania i frezowania.","og_url":"https:\/\/wicam.com\/pl\/cadcam-oprogramowanie\/pn4000\/","og_site_name":"WiCAM","article_modified_time":"2025-04-14T12:38:25+00:00","og_image":[{"url":"https:\/\/www.wicam.com\/wp-content\/uploads\/2022\/03\/pn4000-300x278.png","type":"","width":"","height":""}],"twitter_card":"summary_large_image","twitter_misc":{"Szacowany czas czytania":"4 minuty"},"schema":{"@context":"https:\/\/schema.org","@graph":[{"@type":"WebPage","@id":"https:\/\/wicam.com\/pl\/cadcam-oprogramowanie\/pn4000\/","url":"https:\/\/wicam.com\/pl\/cadcam-oprogramowanie\/pn4000\/","name":"System CAD\/CAM - PN4000 - WiCAM","isPartOf":{"@id":"https:\/\/wicam.com\/pl\/#website"},"primaryImageOfPage":{"@id":"https:\/\/wicam.com\/pl\/cadcam-oprogramowanie\/pn4000\/#primaryimage"},"image":{"@id":"https:\/\/wicam.com\/pl\/cadcam-oprogramowanie\/pn4000\/#primaryimage"},"thumbnailUrl":"https:\/\/www.wicam.com\/wp-content\/uploads\/2022\/03\/pn4000-300x278.png","datePublished":"2018-07-25T07:55:36+00:00","dateModified":"2025-04-14T12:38:25+00:00","description":"PN4000 jest to system CAD-\/CAM poszerzony o modu\u0142y do automatycznego programowania maszyn NC pracuj\u0105cych w technologii ci\u0119cia (laser, autogen, plazma, waterjet) wykrawania, maszyn kombi, \u015bcinania i frezowania.","breadcrumb":{"@id":"https:\/\/wicam.com\/pl\/cadcam-oprogramowanie\/pn4000\/#breadcrumb"},"inLanguage":"pl-PL","potentialAction":[{"@type":"ReadAction","target":["https:\/\/wicam.com\/pl\/cadcam-oprogramowanie\/pn4000\/"]}]},{"@type":"ImageObject","inLanguage":"pl-PL","@id":"https:\/\/wicam.com\/pl\/cadcam-oprogramowanie\/pn4000\/#primaryimage","url":"https:\/\/www.wicam.com\/wp-content\/uploads\/2022\/03\/pn4000-300x278.png","contentUrl":"https:\/\/www.wicam.com\/wp-content\/uploads\/2022\/03\/pn4000-300x278.png"},{"@type":"BreadcrumbList","@id":"https:\/\/wicam.com\/pl\/cadcam-oprogramowanie\/pn4000\/#breadcrumb","itemListElement":[{"@type":"ListItem","position":1,"name":"Startseite","item":"https:\/\/wicam.com\/pl\/"},{"@type":"ListItem","position":2,"name":"Oprogramowanie","item":"https:\/\/wicam.com\/pl\/cadcam-oprogramowanie\/"},{"@type":"ListItem","position":3,"name":"System CAD\/CAM"}]},{"@type":"WebSite","@id":"https:\/\/wicam.com\/pl\/#website","url":"https:\/\/wicam.com\/pl\/","name":"WiCAM","description":"Technische Software","potentialAction":[{"@type":"SearchAction","target":{"@type":"EntryPoint","urlTemplate":"https:\/\/wicam.com\/pl\/?s={search_term_string}"},"query-input":{"@type":"PropertyValueSpecification","valueRequired":true,"valueName":"search_term_string"}}],"inLanguage":"pl-PL"}]}},"_links":{"self":[{"href":"https:\/\/wicam.com\/pl\/wp-json\/wp\/v2\/pages\/7938","targetHints":{"allow":["GET"]}}],"collection":[{"href":"https:\/\/wicam.com\/pl\/wp-json\/wp\/v2\/pages"}],"about":[{"href":"https:\/\/wicam.com\/pl\/wp-json\/wp\/v2\/types\/page"}],"author":[{"embeddable":true,"href":"https:\/\/wicam.com\/pl\/wp-json\/wp\/v2\/users\/1"}],"replies":[{"embeddable":true,"href":"https:\/\/wicam.com\/pl\/wp-json\/wp\/v2\/comments?post=7938"}],"version-history":[{"count":0,"href":"https:\/\/wicam.com\/pl\/wp-json\/wp\/v2\/pages\/7938\/revisions"}],"up":[{"embeddable":true,"href":"https:\/\/wicam.com\/pl\/wp-json\/wp\/v2\/pages\/7222"}],"wp:attachment":[{"href":"https:\/\/wicam.com\/pl\/wp-json\/wp\/v2\/media?parent=7938"}],"curies":[{"name":"wp","href":"https:\/\/api.w.org\/{rel}","templated":true}]}}