{"id":7980,"date":"2018-08-31T15:57:14","date_gmt":"2018-08-31T13:57:14","guid":{"rendered":"https:\/\/www.wicam.com\/uslugi\/downloads\/"},"modified":"2020-11-27T09:46:09","modified_gmt":"2020-11-27T08:46:09","slug":"pobieranie","status":"publish","type":"page","link":"https:\/\/wicam.com\/pl\/uslugi\/pobieranie\/","title":{"rendered":"Pobieranie"},"content":{"rendered":"<h2>Updates<\/h2>\n<p>Dla naszych klient\u00f3w oferujemy aktualizacje on-line oraz mo\u017cliwo\u015b\u0107 pobrania innych plik\u00f3w. Aby uzyska\u0107 dost\u0119p do tych plik\u00f3w potrzebny jest login i has\u0142o. W celu uzyskania dalszych informacji, prosimy o przes\u0142anie zapytania <a href=\"https:\/\/www.wicam.com\/pl\/contact\/\">e-mail na ten adres<\/a>.<\/p>\n<p><a class=\"btn\" href=\"\/pl\/uslugi\/download-area\/\">Downloadarea<\/a><\/p>\n<p>PN4000 Podr\u0119cznik: <a href=\"https:\/\/help.wicam.com\/de-DE\/index.html\" target=\"_blank\" rel=\"noopener noreferrer\">Niemiecki<\/a> | <a href=\"https:\/\/help.wicam.com\/en-GB\/index.html\" target=\"_blank\" rel=\"noopener noreferrer\">Angielski<\/a> | <a href=\"https:\/\/help.wicam.com\/fr-FR\/index.html\" target=\"_blank\" rel=\"noopener noreferrer\">Francuski<\/a><\/p>\n<p>Filmy pomocnicze: <a href=\"https:\/\/www.wicam.com\/pl\/akademia\/\" target=\"_blank\" rel=\"noopener noreferrer\">Login<\/a><\/p>\n<p>&nbsp;<\/p>\n<p><strong>API Opis interfejsu<\/strong><\/p>\n<ul>\n<li>01.08.2020 | <a href=\"https:\/\/wicam.com\/files\/callfile-1-1.html\" target=\"_blank\" rel=\"noopener noreferrer\">Opis wersji 1.1<\/a><\/li>\n<li>01.01.2020 | <a href=\"https:\/\/wicam.com\/files\/callfile-1.html\" target=\"_blank\" rel=\"noopener noreferrer\">Opis wersji 1.0<\/a><\/li>\n<\/ul>\n<p><a href=\"https:\/\/www.wicam.com\/pl\/contact\/\" target=\"_blank\" rel=\"noopener noreferrer\">Zapytanie o has\u0142o<\/a><\/p>\n","protected":false},"excerpt":{"rendered":"<p>Updates Dla naszych klient\u00f3w oferujemy aktualizacje on-line oraz mo\u017cliwo\u015b\u0107 pobrania innych plik\u00f3w. Aby uzyska\u0107 dost\u0119p do tych plik\u00f3w potrzebny jest login i has\u0142o. W celu uzyskania dalszych informacji, prosimy o przes\u0142anie zapytania e-mail na ten adres. Downloadarea PN4000 Podr\u0119cznik: Niemiecki | Angielski | Francuski Filmy pomocnicze: Login &nbsp; API Opis interfejsu 01.08.2020 | Opis wersji [&hellip;]<\/p>\n","protected":false},"author":1,"featured_media":0,"parent":7230,"menu_order":0,"comment_status":"closed","ping_status":"closed","template":"page-dienstleistungen-single.php","meta":{"_acf_changed":false,"footnotes":""},"class_list":["post-7980","page","type-page","status-publish","hentry"],"acf":[],"yoast_head":"<!-- This site is optimized with the Yoast SEO plugin v27.2 - https:\/\/yoast.com\/product\/yoast-seo-wordpress\/ -->\n<title>CAD\/CAM Oprogramowanie - Pobieranie - WiCAM<\/title>\n<meta name=\"description\" content=\"Dla naszych klient\u00f3w oferujemy aktualizacje on-line oraz mo\u017cliwo\u015b\u0107 pobrania innych plik\u00f3w. Aby uzyska\u0107 dost\u0119p do tych plik\u00f3w potrzebny jest login i has\u0142o. W celu uzyskania dalszych informacji, prosimy o przes\u0142anie zapytania e-mail na ten adres.\" \/>\n<meta name=\"robots\" content=\"index, follow, max-snippet:-1, max-image-preview:large, max-video-preview:-1\" \/>\n<link rel=\"canonical\" href=\"https:\/\/wicam.com\/pl\/uslugi\/pobieranie\/\" \/>\n<meta property=\"og:locale\" content=\"pl_PL\" \/>\n<meta property=\"og:type\" content=\"article\" \/>\n<meta property=\"og:title\" content=\"CAD\/CAM Oprogramowanie - Pobieranie - WiCAM\" \/>\n<meta property=\"og:description\" content=\"Dla naszych klient\u00f3w oferujemy aktualizacje on-line oraz mo\u017cliwo\u015b\u0107 pobrania innych plik\u00f3w. Aby uzyska\u0107 dost\u0119p do tych plik\u00f3w potrzebny jest login i has\u0142o. W celu uzyskania dalszych informacji, prosimy o przes\u0142anie zapytania e-mail na ten adres.\" \/>\n<meta property=\"og:url\" content=\"https:\/\/wicam.com\/pl\/uslugi\/pobieranie\/\" \/>\n<meta property=\"og:site_name\" content=\"WiCAM\" \/>\n<meta property=\"article:modified_time\" content=\"2020-11-27T08:46:09+00:00\" \/>\n<meta name=\"twitter:card\" content=\"summary_large_image\" \/>\n<script type=\"application\/ld+json\" class=\"yoast-schema-graph\">{\"@context\":\"https:\/\/schema.org\",\"@graph\":[{\"@type\":\"WebPage\",\"@id\":\"https:\/\/wicam.com\/pl\/uslugi\/pobieranie\/\",\"url\":\"https:\/\/wicam.com\/pl\/uslugi\/pobieranie\/\",\"name\":\"CAD\/CAM Oprogramowanie - Pobieranie - WiCAM\",\"isPartOf\":{\"@id\":\"https:\/\/wicam.com\/pl\/#website\"},\"datePublished\":\"2018-08-31T13:57:14+00:00\",\"dateModified\":\"2020-11-27T08:46:09+00:00\",\"description\":\"Dla naszych klient\u00f3w oferujemy aktualizacje on-line oraz mo\u017cliwo\u015b\u0107 pobrania innych plik\u00f3w. Aby uzyska\u0107 dost\u0119p do tych plik\u00f3w potrzebny jest login i has\u0142o. W celu uzyskania dalszych informacji, prosimy o przes\u0142anie zapytania e-mail na ten adres.\",\"breadcrumb\":{\"@id\":\"https:\/\/wicam.com\/pl\/uslugi\/pobieranie\/#breadcrumb\"},\"inLanguage\":\"pl-PL\",\"potentialAction\":[{\"@type\":\"ReadAction\",\"target\":[\"https:\/\/wicam.com\/pl\/uslugi\/pobieranie\/\"]}]},{\"@type\":\"BreadcrumbList\",\"@id\":\"https:\/\/wicam.com\/pl\/uslugi\/pobieranie\/#breadcrumb\",\"itemListElement\":[{\"@type\":\"ListItem\",\"position\":1,\"name\":\"Startseite\",\"item\":\"https:\/\/wicam.com\/pl\/\"},{\"@type\":\"ListItem\",\"position\":2,\"name\":\"Us\u0142ugi\",\"item\":\"https:\/\/wicam.com\/pl\/uslugi\/\"},{\"@type\":\"ListItem\",\"position\":3,\"name\":\"Pobieranie\"}]},{\"@type\":\"WebSite\",\"@id\":\"https:\/\/wicam.com\/pl\/#website\",\"url\":\"https:\/\/wicam.com\/pl\/\",\"name\":\"WiCAM\",\"description\":\"Technische Software\",\"potentialAction\":[{\"@type\":\"SearchAction\",\"target\":{\"@type\":\"EntryPoint\",\"urlTemplate\":\"https:\/\/wicam.com\/pl\/?s={search_term_string}\"},\"query-input\":{\"@type\":\"PropertyValueSpecification\",\"valueRequired\":true,\"valueName\":\"search_term_string\"}}],\"inLanguage\":\"pl-PL\"}]}<\/script>\n<!-- \/ Yoast SEO plugin. -->","yoast_head_json":{"title":"CAD\/CAM Oprogramowanie - Pobieranie - WiCAM","description":"Dla naszych klient\u00f3w oferujemy aktualizacje on-line oraz mo\u017cliwo\u015b\u0107 pobrania innych plik\u00f3w. Aby uzyska\u0107 dost\u0119p do tych plik\u00f3w potrzebny jest login i has\u0142o. W celu uzyskania dalszych informacji, prosimy o przes\u0142anie zapytania e-mail na ten adres.","robots":{"index":"index","follow":"follow","max-snippet":"max-snippet:-1","max-image-preview":"max-image-preview:large","max-video-preview":"max-video-preview:-1"},"canonical":"https:\/\/wicam.com\/pl\/uslugi\/pobieranie\/","og_locale":"pl_PL","og_type":"article","og_title":"CAD\/CAM Oprogramowanie - Pobieranie - WiCAM","og_description":"Dla naszych klient\u00f3w oferujemy aktualizacje on-line oraz mo\u017cliwo\u015b\u0107 pobrania innych plik\u00f3w. Aby uzyska\u0107 dost\u0119p do tych plik\u00f3w potrzebny jest login i has\u0142o. W celu uzyskania dalszych informacji, prosimy o przes\u0142anie zapytania e-mail na ten adres.","og_url":"https:\/\/wicam.com\/pl\/uslugi\/pobieranie\/","og_site_name":"WiCAM","article_modified_time":"2020-11-27T08:46:09+00:00","twitter_card":"summary_large_image","schema":{"@context":"https:\/\/schema.org","@graph":[{"@type":"WebPage","@id":"https:\/\/wicam.com\/pl\/uslugi\/pobieranie\/","url":"https:\/\/wicam.com\/pl\/uslugi\/pobieranie\/","name":"CAD\/CAM Oprogramowanie - Pobieranie - WiCAM","isPartOf":{"@id":"https:\/\/wicam.com\/pl\/#website"},"datePublished":"2018-08-31T13:57:14+00:00","dateModified":"2020-11-27T08:46:09+00:00","description":"Dla naszych klient\u00f3w oferujemy aktualizacje on-line oraz mo\u017cliwo\u015b\u0107 pobrania innych plik\u00f3w. Aby uzyska\u0107 dost\u0119p do tych plik\u00f3w potrzebny jest login i has\u0142o. W celu uzyskania dalszych informacji, prosimy o przes\u0142anie zapytania e-mail na ten adres.","breadcrumb":{"@id":"https:\/\/wicam.com\/pl\/uslugi\/pobieranie\/#breadcrumb"},"inLanguage":"pl-PL","potentialAction":[{"@type":"ReadAction","target":["https:\/\/wicam.com\/pl\/uslugi\/pobieranie\/"]}]},{"@type":"BreadcrumbList","@id":"https:\/\/wicam.com\/pl\/uslugi\/pobieranie\/#breadcrumb","itemListElement":[{"@type":"ListItem","position":1,"name":"Startseite","item":"https:\/\/wicam.com\/pl\/"},{"@type":"ListItem","position":2,"name":"Us\u0142ugi","item":"https:\/\/wicam.com\/pl\/uslugi\/"},{"@type":"ListItem","position":3,"name":"Pobieranie"}]},{"@type":"WebSite","@id":"https:\/\/wicam.com\/pl\/#website","url":"https:\/\/wicam.com\/pl\/","name":"WiCAM","description":"Technische Software","potentialAction":[{"@type":"SearchAction","target":{"@type":"EntryPoint","urlTemplate":"https:\/\/wicam.com\/pl\/?s={search_term_string}"},"query-input":{"@type":"PropertyValueSpecification","valueRequired":true,"valueName":"search_term_string"}}],"inLanguage":"pl-PL"}]}},"_links":{"self":[{"href":"https:\/\/wicam.com\/pl\/wp-json\/wp\/v2\/pages\/7980","targetHints":{"allow":["GET"]}}],"collection":[{"href":"https:\/\/wicam.com\/pl\/wp-json\/wp\/v2\/pages"}],"about":[{"href":"https:\/\/wicam.com\/pl\/wp-json\/wp\/v2\/types\/page"}],"author":[{"embeddable":true,"href":"https:\/\/wicam.com\/pl\/wp-json\/wp\/v2\/users\/1"}],"replies":[{"embeddable":true,"href":"https:\/\/wicam.com\/pl\/wp-json\/wp\/v2\/comments?post=7980"}],"version-history":[{"count":0,"href":"https:\/\/wicam.com\/pl\/wp-json\/wp\/v2\/pages\/7980\/revisions"}],"up":[{"embeddable":true,"href":"https:\/\/wicam.com\/pl\/wp-json\/wp\/v2\/pages\/7230"}],"wp:attachment":[{"href":"https:\/\/wicam.com\/pl\/wp-json\/wp\/v2\/media?parent=7980"}],"curies":[{"name":"wp","href":"https:\/\/api.w.org\/{rel}","templated":true}]}}