{"id":8022,"date":"2018-08-16T10:50:02","date_gmt":"2018-08-16T08:50:02","guid":{"rendered":"https:\/\/www.wicam.com\/cadcam-oprogramowanie\/pn4000\/module\/"},"modified":"2020-12-01T14:41:33","modified_gmt":"2020-12-01T13:41:33","slug":"moduly","status":"publish","type":"page","link":"https:\/\/wicam.com\/pl\/cadcam-oprogramowanie\/pn4000\/moduly\/","title":{"rendered":"Modu\u0142y"},"content":{"rendered":"<h2 style=\"text-align: center;\">Modu\u0142y<\/h2>\n","protected":false},"excerpt":{"rendered":"<p>Modu\u0142y<\/p>\n","protected":false},"author":1,"featured_media":0,"parent":7938,"menu_order":0,"comment_status":"closed","ping_status":"closed","template":"page-software-single.php","meta":{"_acf_changed":false,"footnotes":""},"class_list":["post-8022","page","type-page","status-publish","hentry"],"acf":[],"yoast_head":"<!-- This site is optimized with the Yoast SEO plugin v27.2 - https:\/\/yoast.com\/product\/yoast-seo-wordpress\/ -->\n<title>CAD\/CAM Automatyzacja - PN4000 - Modu\u0142y - WiCAM<\/title>\n<meta name=\"description\" content=\"Pomys\u0142 na stworzenie oprogramowania do komputerowego wspomagania przemys\u0142u (CAM) powsta\u0142 w g\u0142owie lidera WiCAM GmbH Technische Software Pana Haralda Wilkesmanna w roku 1986.\" \/>\n<meta name=\"robots\" content=\"index, follow, max-snippet:-1, max-image-preview:large, max-video-preview:-1\" \/>\n<link rel=\"canonical\" href=\"https:\/\/wicam.com\/pl\/cadcam-oprogramowanie\/pn4000\/moduly\/\" \/>\n<meta property=\"og:locale\" content=\"pl_PL\" \/>\n<meta property=\"og:type\" content=\"article\" \/>\n<meta property=\"og:title\" content=\"CAD\/CAM Automatyzacja - PN4000 - Modu\u0142y - WiCAM\" \/>\n<meta property=\"og:description\" content=\"Pomys\u0142 na stworzenie oprogramowania do komputerowego wspomagania przemys\u0142u (CAM) powsta\u0142 w g\u0142owie lidera WiCAM GmbH Technische Software Pana Haralda Wilkesmanna w roku 1986.\" \/>\n<meta property=\"og:url\" content=\"https:\/\/wicam.com\/pl\/cadcam-oprogramowanie\/pn4000\/moduly\/\" \/>\n<meta property=\"og:site_name\" content=\"WiCAM\" \/>\n<meta property=\"article:modified_time\" content=\"2020-12-01T13:41:33+00:00\" \/>\n<meta name=\"twitter:card\" content=\"summary_large_image\" \/>\n<script type=\"application\/ld+json\" class=\"yoast-schema-graph\">{\"@context\":\"https:\/\/schema.org\",\"@graph\":[{\"@type\":\"WebPage\",\"@id\":\"https:\/\/wicam.com\/pl\/cadcam-oprogramowanie\/pn4000\/moduly\/\",\"url\":\"https:\/\/wicam.com\/pl\/cadcam-oprogramowanie\/pn4000\/moduly\/\",\"name\":\"CAD\/CAM Automatyzacja - PN4000 - Modu\u0142y - WiCAM\",\"isPartOf\":{\"@id\":\"https:\/\/wicam.com\/pl\/#website\"},\"datePublished\":\"2018-08-16T08:50:02+00:00\",\"dateModified\":\"2020-12-01T13:41:33+00:00\",\"description\":\"Pomys\u0142 na stworzenie oprogramowania do komputerowego wspomagania przemys\u0142u (CAM) powsta\u0142 w g\u0142owie lidera WiCAM GmbH Technische Software Pana Haralda Wilkesmanna w roku 1986.\",\"breadcrumb\":{\"@id\":\"https:\/\/wicam.com\/pl\/cadcam-oprogramowanie\/pn4000\/moduly\/#breadcrumb\"},\"inLanguage\":\"pl-PL\",\"potentialAction\":[{\"@type\":\"ReadAction\",\"target\":[\"https:\/\/wicam.com\/pl\/cadcam-oprogramowanie\/pn4000\/moduly\/\"]}]},{\"@type\":\"BreadcrumbList\",\"@id\":\"https:\/\/wicam.com\/pl\/cadcam-oprogramowanie\/pn4000\/moduly\/#breadcrumb\",\"itemListElement\":[{\"@type\":\"ListItem\",\"position\":1,\"name\":\"Startseite\",\"item\":\"https:\/\/wicam.com\/pl\/\"},{\"@type\":\"ListItem\",\"position\":2,\"name\":\"Oprogramowanie\",\"item\":\"https:\/\/wicam.com\/pl\/cadcam-oprogramowanie\/\"},{\"@type\":\"ListItem\",\"position\":3,\"name\":\"System CAD\/CAM\",\"item\":\"https:\/\/wicam.com\/pl\/cadcam-oprogramowanie\/pn4000\/\"},{\"@type\":\"ListItem\",\"position\":4,\"name\":\"Modu\u0142y\"}]},{\"@type\":\"WebSite\",\"@id\":\"https:\/\/wicam.com\/pl\/#website\",\"url\":\"https:\/\/wicam.com\/pl\/\",\"name\":\"WiCAM\",\"description\":\"Technische Software\",\"potentialAction\":[{\"@type\":\"SearchAction\",\"target\":{\"@type\":\"EntryPoint\",\"urlTemplate\":\"https:\/\/wicam.com\/pl\/?s={search_term_string}\"},\"query-input\":{\"@type\":\"PropertyValueSpecification\",\"valueRequired\":true,\"valueName\":\"search_term_string\"}}],\"inLanguage\":\"pl-PL\"}]}<\/script>\n<!-- \/ Yoast SEO plugin. -->","yoast_head_json":{"title":"CAD\/CAM Automatyzacja - PN4000 - Modu\u0142y - WiCAM","description":"Pomys\u0142 na stworzenie oprogramowania do komputerowego wspomagania przemys\u0142u (CAM) powsta\u0142 w g\u0142owie lidera WiCAM GmbH Technische Software Pana Haralda Wilkesmanna w roku 1986.","robots":{"index":"index","follow":"follow","max-snippet":"max-snippet:-1","max-image-preview":"max-image-preview:large","max-video-preview":"max-video-preview:-1"},"canonical":"https:\/\/wicam.com\/pl\/cadcam-oprogramowanie\/pn4000\/moduly\/","og_locale":"pl_PL","og_type":"article","og_title":"CAD\/CAM Automatyzacja - PN4000 - Modu\u0142y - WiCAM","og_description":"Pomys\u0142 na stworzenie oprogramowania do komputerowego wspomagania przemys\u0142u (CAM) powsta\u0142 w g\u0142owie lidera WiCAM GmbH Technische Software Pana Haralda Wilkesmanna w roku 1986.","og_url":"https:\/\/wicam.com\/pl\/cadcam-oprogramowanie\/pn4000\/moduly\/","og_site_name":"WiCAM","article_modified_time":"2020-12-01T13:41:33+00:00","twitter_card":"summary_large_image","schema":{"@context":"https:\/\/schema.org","@graph":[{"@type":"WebPage","@id":"https:\/\/wicam.com\/pl\/cadcam-oprogramowanie\/pn4000\/moduly\/","url":"https:\/\/wicam.com\/pl\/cadcam-oprogramowanie\/pn4000\/moduly\/","name":"CAD\/CAM Automatyzacja - PN4000 - Modu\u0142y - WiCAM","isPartOf":{"@id":"https:\/\/wicam.com\/pl\/#website"},"datePublished":"2018-08-16T08:50:02+00:00","dateModified":"2020-12-01T13:41:33+00:00","description":"Pomys\u0142 na stworzenie oprogramowania do komputerowego wspomagania przemys\u0142u (CAM) powsta\u0142 w g\u0142owie lidera WiCAM GmbH Technische Software Pana Haralda Wilkesmanna w roku 1986.","breadcrumb":{"@id":"https:\/\/wicam.com\/pl\/cadcam-oprogramowanie\/pn4000\/moduly\/#breadcrumb"},"inLanguage":"pl-PL","potentialAction":[{"@type":"ReadAction","target":["https:\/\/wicam.com\/pl\/cadcam-oprogramowanie\/pn4000\/moduly\/"]}]},{"@type":"BreadcrumbList","@id":"https:\/\/wicam.com\/pl\/cadcam-oprogramowanie\/pn4000\/moduly\/#breadcrumb","itemListElement":[{"@type":"ListItem","position":1,"name":"Startseite","item":"https:\/\/wicam.com\/pl\/"},{"@type":"ListItem","position":2,"name":"Oprogramowanie","item":"https:\/\/wicam.com\/pl\/cadcam-oprogramowanie\/"},{"@type":"ListItem","position":3,"name":"System CAD\/CAM","item":"https:\/\/wicam.com\/pl\/cadcam-oprogramowanie\/pn4000\/"},{"@type":"ListItem","position":4,"name":"Modu\u0142y"}]},{"@type":"WebSite","@id":"https:\/\/wicam.com\/pl\/#website","url":"https:\/\/wicam.com\/pl\/","name":"WiCAM","description":"Technische Software","potentialAction":[{"@type":"SearchAction","target":{"@type":"EntryPoint","urlTemplate":"https:\/\/wicam.com\/pl\/?s={search_term_string}"},"query-input":{"@type":"PropertyValueSpecification","valueRequired":true,"valueName":"search_term_string"}}],"inLanguage":"pl-PL"}]}},"_links":{"self":[{"href":"https:\/\/wicam.com\/pl\/wp-json\/wp\/v2\/pages\/8022","targetHints":{"allow":["GET"]}}],"collection":[{"href":"https:\/\/wicam.com\/pl\/wp-json\/wp\/v2\/pages"}],"about":[{"href":"https:\/\/wicam.com\/pl\/wp-json\/wp\/v2\/types\/page"}],"author":[{"embeddable":true,"href":"https:\/\/wicam.com\/pl\/wp-json\/wp\/v2\/users\/1"}],"replies":[{"embeddable":true,"href":"https:\/\/wicam.com\/pl\/wp-json\/wp\/v2\/comments?post=8022"}],"version-history":[{"count":0,"href":"https:\/\/wicam.com\/pl\/wp-json\/wp\/v2\/pages\/8022\/revisions"}],"up":[{"embeddable":true,"href":"https:\/\/wicam.com\/pl\/wp-json\/wp\/v2\/pages\/7938"}],"wp:attachment":[{"href":"https:\/\/wicam.com\/pl\/wp-json\/wp\/v2\/media?parent=8022"}],"curies":[{"name":"wp","href":"https:\/\/api.w.org\/{rel}","templated":true}]}}