{"id":8043,"date":"2018-08-16T10:50:54","date_gmt":"2018-08-16T08:50:54","guid":{"rendered":"https:\/\/www.wicam.com\/cadcam-oprogramowanie\/pn4000\/schnittstellen\/"},"modified":"2025-04-14T06:38:24","modified_gmt":"2025-04-14T04:38:24","slug":"interfejsy","status":"publish","type":"page","link":"https:\/\/wicam.com\/pl\/cadcam-oprogramowanie\/pn4000\/interfejsy\/","title":{"rendered":"Interfejsy"},"content":{"rendered":"<h2>Interfejsy<\/h2>\n<p>W programie PN4000 dost\u0119pne s\u0105 nast\u0119puj\u0105ce interfejsy. Inne systemy na \u017cyczenie:<\/p>\n","protected":false},"excerpt":{"rendered":"<p>Interfejsy W programie PN4000 dost\u0119pne s\u0105 nast\u0119puj\u0105ce interfejsy. Inne systemy na \u017cyczenie:<\/p>\n","protected":false},"author":1,"featured_media":0,"parent":7938,"menu_order":0,"comment_status":"closed","ping_status":"closed","template":"page-software-single.php","meta":{"_acf_changed":false,"footnotes":""},"class_list":["post-8043","page","type-page","status-publish","hentry"],"acf":[],"yoast_head":"<!-- This site is optimized with the Yoast SEO plugin v27.2 - https:\/\/yoast.com\/product\/yoast-seo-wordpress\/ -->\n<title>CAD\/CAM Automatyzacja - PN4000 - Interfejsy - WiCAM<\/title>\n<meta name=\"description\" content=\"W programie PN4000 dost\u0119pne s\u0105 nast\u0119puj\u0105ce interfejsy. Inne systemy na \u017cyczenie.\" \/>\n<meta name=\"robots\" content=\"index, follow, max-snippet:-1, max-image-preview:large, max-video-preview:-1\" \/>\n<link rel=\"canonical\" href=\"https:\/\/wicam.com\/pl\/cadcam-oprogramowanie\/pn4000\/interfejsy\/\" \/>\n<meta property=\"og:locale\" content=\"pl_PL\" \/>\n<meta property=\"og:type\" content=\"article\" \/>\n<meta property=\"og:title\" content=\"CAD\/CAM Automatyzacja - PN4000 - Interfejsy - WiCAM\" \/>\n<meta property=\"og:description\" content=\"W programie PN4000 dost\u0119pne s\u0105 nast\u0119puj\u0105ce interfejsy. Inne systemy na \u017cyczenie.\" \/>\n<meta property=\"og:url\" content=\"https:\/\/wicam.com\/pl\/cadcam-oprogramowanie\/pn4000\/interfejsy\/\" \/>\n<meta property=\"og:site_name\" content=\"WiCAM\" \/>\n<meta property=\"article:modified_time\" content=\"2025-04-14T04:38:24+00:00\" \/>\n<meta name=\"twitter:card\" content=\"summary_large_image\" \/>\n<meta name=\"twitter:label1\" content=\"Szacowany czas czytania\" \/>\n\t<meta name=\"twitter:data1\" content=\"2 minuty\" \/>\n<script type=\"application\/ld+json\" class=\"yoast-schema-graph\">{\"@context\":\"https:\/\/schema.org\",\"@graph\":[{\"@type\":\"WebPage\",\"@id\":\"https:\/\/wicam.com\/pl\/cadcam-oprogramowanie\/pn4000\/interfejsy\/\",\"url\":\"https:\/\/wicam.com\/pl\/cadcam-oprogramowanie\/pn4000\/interfejsy\/\",\"name\":\"CAD\/CAM Automatyzacja - PN4000 - Interfejsy - WiCAM\",\"isPartOf\":{\"@id\":\"https:\/\/wicam.com\/pl\/#website\"},\"datePublished\":\"2018-08-16T08:50:54+00:00\",\"dateModified\":\"2025-04-14T04:38:24+00:00\",\"description\":\"W programie PN4000 dost\u0119pne s\u0105 nast\u0119puj\u0105ce interfejsy. Inne systemy na \u017cyczenie.\",\"breadcrumb\":{\"@id\":\"https:\/\/wicam.com\/pl\/cadcam-oprogramowanie\/pn4000\/interfejsy\/#breadcrumb\"},\"inLanguage\":\"pl-PL\",\"potentialAction\":[{\"@type\":\"ReadAction\",\"target\":[\"https:\/\/wicam.com\/pl\/cadcam-oprogramowanie\/pn4000\/interfejsy\/\"]}]},{\"@type\":\"BreadcrumbList\",\"@id\":\"https:\/\/wicam.com\/pl\/cadcam-oprogramowanie\/pn4000\/interfejsy\/#breadcrumb\",\"itemListElement\":[{\"@type\":\"ListItem\",\"position\":1,\"name\":\"Startseite\",\"item\":\"https:\/\/wicam.com\/pl\/\"},{\"@type\":\"ListItem\",\"position\":2,\"name\":\"Oprogramowanie\",\"item\":\"https:\/\/wicam.com\/pl\/cadcam-oprogramowanie\/\"},{\"@type\":\"ListItem\",\"position\":3,\"name\":\"System CAD\/CAM\",\"item\":\"https:\/\/wicam.com\/pl\/cadcam-oprogramowanie\/pn4000\/\"},{\"@type\":\"ListItem\",\"position\":4,\"name\":\"Interfejsy\"}]},{\"@type\":\"WebSite\",\"@id\":\"https:\/\/wicam.com\/pl\/#website\",\"url\":\"https:\/\/wicam.com\/pl\/\",\"name\":\"WiCAM\",\"description\":\"Technische Software\",\"potentialAction\":[{\"@type\":\"SearchAction\",\"target\":{\"@type\":\"EntryPoint\",\"urlTemplate\":\"https:\/\/wicam.com\/pl\/?s={search_term_string}\"},\"query-input\":{\"@type\":\"PropertyValueSpecification\",\"valueRequired\":true,\"valueName\":\"search_term_string\"}}],\"inLanguage\":\"pl-PL\"}]}<\/script>\n<!-- \/ Yoast SEO plugin. -->","yoast_head_json":{"title":"CAD\/CAM Automatyzacja - PN4000 - Interfejsy - WiCAM","description":"W programie PN4000 dost\u0119pne s\u0105 nast\u0119puj\u0105ce interfejsy. Inne systemy na \u017cyczenie.","robots":{"index":"index","follow":"follow","max-snippet":"max-snippet:-1","max-image-preview":"max-image-preview:large","max-video-preview":"max-video-preview:-1"},"canonical":"https:\/\/wicam.com\/pl\/cadcam-oprogramowanie\/pn4000\/interfejsy\/","og_locale":"pl_PL","og_type":"article","og_title":"CAD\/CAM Automatyzacja - PN4000 - Interfejsy - WiCAM","og_description":"W programie PN4000 dost\u0119pne s\u0105 nast\u0119puj\u0105ce interfejsy. Inne systemy na \u017cyczenie.","og_url":"https:\/\/wicam.com\/pl\/cadcam-oprogramowanie\/pn4000\/interfejsy\/","og_site_name":"WiCAM","article_modified_time":"2025-04-14T04:38:24+00:00","twitter_card":"summary_large_image","twitter_misc":{"Szacowany czas czytania":"2 minuty"},"schema":{"@context":"https:\/\/schema.org","@graph":[{"@type":"WebPage","@id":"https:\/\/wicam.com\/pl\/cadcam-oprogramowanie\/pn4000\/interfejsy\/","url":"https:\/\/wicam.com\/pl\/cadcam-oprogramowanie\/pn4000\/interfejsy\/","name":"CAD\/CAM Automatyzacja - PN4000 - Interfejsy - WiCAM","isPartOf":{"@id":"https:\/\/wicam.com\/pl\/#website"},"datePublished":"2018-08-16T08:50:54+00:00","dateModified":"2025-04-14T04:38:24+00:00","description":"W programie PN4000 dost\u0119pne s\u0105 nast\u0119puj\u0105ce interfejsy. Inne systemy na \u017cyczenie.","breadcrumb":{"@id":"https:\/\/wicam.com\/pl\/cadcam-oprogramowanie\/pn4000\/interfejsy\/#breadcrumb"},"inLanguage":"pl-PL","potentialAction":[{"@type":"ReadAction","target":["https:\/\/wicam.com\/pl\/cadcam-oprogramowanie\/pn4000\/interfejsy\/"]}]},{"@type":"BreadcrumbList","@id":"https:\/\/wicam.com\/pl\/cadcam-oprogramowanie\/pn4000\/interfejsy\/#breadcrumb","itemListElement":[{"@type":"ListItem","position":1,"name":"Startseite","item":"https:\/\/wicam.com\/pl\/"},{"@type":"ListItem","position":2,"name":"Oprogramowanie","item":"https:\/\/wicam.com\/pl\/cadcam-oprogramowanie\/"},{"@type":"ListItem","position":3,"name":"System CAD\/CAM","item":"https:\/\/wicam.com\/pl\/cadcam-oprogramowanie\/pn4000\/"},{"@type":"ListItem","position":4,"name":"Interfejsy"}]},{"@type":"WebSite","@id":"https:\/\/wicam.com\/pl\/#website","url":"https:\/\/wicam.com\/pl\/","name":"WiCAM","description":"Technische Software","potentialAction":[{"@type":"SearchAction","target":{"@type":"EntryPoint","urlTemplate":"https:\/\/wicam.com\/pl\/?s={search_term_string}"},"query-input":{"@type":"PropertyValueSpecification","valueRequired":true,"valueName":"search_term_string"}}],"inLanguage":"pl-PL"}]}},"_links":{"self":[{"href":"https:\/\/wicam.com\/pl\/wp-json\/wp\/v2\/pages\/8043","targetHints":{"allow":["GET"]}}],"collection":[{"href":"https:\/\/wicam.com\/pl\/wp-json\/wp\/v2\/pages"}],"about":[{"href":"https:\/\/wicam.com\/pl\/wp-json\/wp\/v2\/types\/page"}],"author":[{"embeddable":true,"href":"https:\/\/wicam.com\/pl\/wp-json\/wp\/v2\/users\/1"}],"replies":[{"embeddable":true,"href":"https:\/\/wicam.com\/pl\/wp-json\/wp\/v2\/comments?post=8043"}],"version-history":[{"count":0,"href":"https:\/\/wicam.com\/pl\/wp-json\/wp\/v2\/pages\/8043\/revisions"}],"up":[{"embeddable":true,"href":"https:\/\/wicam.com\/pl\/wp-json\/wp\/v2\/pages\/7938"}],"wp:attachment":[{"href":"https:\/\/wicam.com\/pl\/wp-json\/wp\/v2\/media?parent=8043"}],"curies":[{"name":"wp","href":"https:\/\/api.w.org\/{rel}","templated":true}]}}