{"id":8054,"date":"2018-07-25T09:56:50","date_gmt":"2018-07-25T07:56:50","guid":{"rendered":"https:\/\/www.wicam.com\/cadcam-oprogramowanie\/pnwebapp\/"},"modified":"2021-03-29T09:12:34","modified_gmt":"2021-03-29T07:12:34","slug":"pncloud","status":"publish","type":"page","link":"https:\/\/wicam.com\/pl\/cadcam-oprogramowanie\/pncloud\/","title":{"rendered":"CAD\/CAM Cloud"},"content":{"rendered":"<h2>CAD\/CAM Cloud<img loading=\"lazy\" decoding=\"async\" class=\"alignright wp-image-15108\" src=\"http:\/\/wicam.com\/wp-content\/uploads\/2020\/04\/webshop-300x211.jpg\" alt=\"\" width=\"325\" height=\"228\" srcset=\"https:\/\/wicam.com\/wp-content\/uploads\/2020\/04\/webshop-300x211.jpg 300w, https:\/\/wicam.com\/wp-content\/uploads\/2020\/04\/webshop-768x540.jpg 768w, https:\/\/wicam.com\/wp-content\/uploads\/2020\/04\/webshop.jpg 1000w\" sizes=\"auto, (max-width: 325px) 100vw, 325px\" \/><\/h2>\n<p>Obliczenia internetowe, konwersja format\u00f3w CAD i NC, rozwijanie, tworzenie geometrii.<\/p>\n<p>Korzystanie z istotnych cz\u0119\u015bci naszych produkt\u00f3w online bez uprzedniej wiedzy.<\/p>\n<p>Jako producent, mo\u017cesz zintegrowa\u0107 algorytmy z w\u0142asnymi produktami poprzez interfejs API.<\/p>\n<p><a class=\"btn\" href=\"\/pl\/contact\/\">Prezentacja<\/a><\/p>\n","protected":false},"excerpt":{"rendered":"<p>CAD\/CAM Cloud Obliczenia internetowe, konwersja format\u00f3w CAD i NC, rozwijanie, tworzenie geometrii. Korzystanie z istotnych cz\u0119\u015bci naszych produkt\u00f3w online bez uprzedniej wiedzy. Jako producent, mo\u017cesz zintegrowa\u0107 algorytmy z w\u0142asnymi produktami poprzez interfejs API. Prezentacja<\/p>\n","protected":false},"author":1,"featured_media":0,"parent":7222,"menu_order":0,"comment_status":"closed","ping_status":"closed","template":"page-software-single.php","meta":{"_acf_changed":false,"footnotes":""},"class_list":["post-8054","page","type-page","status-publish","hentry"],"acf":[],"yoast_head":"<!-- This site is optimized with the Yoast SEO plugin v27.2 - https:\/\/yoast.com\/product\/yoast-seo-wordpress\/ -->\n<title>CAD\/CAM Oprogramowanie - CAD\/CAM Cloud - PNCloud - WiCAM<\/title>\n<meta name=\"description\" content=\"Obliczenia internetowe, konwersja format\u00f3w CAD i NC, rozwijanie, tworzenie geometrii. Korzystanie z istotnych cz\u0119\u015bci naszych produkt\u00f3w online bez uprzedniej wiedzy. Jako producent, mo\u017cesz zintegrowa\u0107 algorytmy z w\u0142asnymi produktami poprzez interfejs API.\" \/>\n<meta name=\"robots\" content=\"index, follow, max-snippet:-1, max-image-preview:large, max-video-preview:-1\" \/>\n<link rel=\"canonical\" href=\"https:\/\/wicam.com\/pl\/cadcam-oprogramowanie\/pncloud\/\" \/>\n<meta property=\"og:locale\" content=\"pl_PL\" \/>\n<meta property=\"og:type\" content=\"article\" \/>\n<meta property=\"og:title\" content=\"CAD\/CAM Oprogramowanie - CAD\/CAM Cloud - PNCloud - WiCAM\" \/>\n<meta property=\"og:description\" content=\"Obliczenia internetowe, konwersja format\u00f3w CAD i NC, rozwijanie, tworzenie geometrii. Korzystanie z istotnych cz\u0119\u015bci naszych produkt\u00f3w online bez uprzedniej wiedzy. Jako producent, mo\u017cesz zintegrowa\u0107 algorytmy z w\u0142asnymi produktami poprzez interfejs API.\" \/>\n<meta property=\"og:url\" content=\"https:\/\/wicam.com\/pl\/cadcam-oprogramowanie\/pncloud\/\" \/>\n<meta property=\"og:site_name\" content=\"WiCAM\" \/>\n<meta property=\"article:modified_time\" content=\"2021-03-29T07:12:34+00:00\" \/>\n<meta property=\"og:image\" content=\"http:\/\/wicam.com\/wp-content\/uploads\/2020\/04\/webshop-300x211.jpg\" \/>\n<meta name=\"twitter:card\" content=\"summary_large_image\" \/>\n<script type=\"application\/ld+json\" class=\"yoast-schema-graph\">{\"@context\":\"https:\/\/schema.org\",\"@graph\":[{\"@type\":\"WebPage\",\"@id\":\"https:\/\/wicam.com\/pl\/cadcam-oprogramowanie\/pncloud\/\",\"url\":\"https:\/\/wicam.com\/pl\/cadcam-oprogramowanie\/pncloud\/\",\"name\":\"CAD\/CAM Oprogramowanie - CAD\/CAM Cloud - PNCloud - WiCAM\",\"isPartOf\":{\"@id\":\"https:\/\/wicam.com\/pl\/#website\"},\"primaryImageOfPage\":{\"@id\":\"https:\/\/wicam.com\/pl\/cadcam-oprogramowanie\/pncloud\/#primaryimage\"},\"image\":{\"@id\":\"https:\/\/wicam.com\/pl\/cadcam-oprogramowanie\/pncloud\/#primaryimage\"},\"thumbnailUrl\":\"http:\/\/wicam.com\/wp-content\/uploads\/2020\/04\/webshop-300x211.jpg\",\"datePublished\":\"2018-07-25T07:56:50+00:00\",\"dateModified\":\"2021-03-29T07:12:34+00:00\",\"description\":\"Obliczenia internetowe, konwersja format\u00f3w CAD i NC, rozwijanie, tworzenie geometrii. Korzystanie z istotnych cz\u0119\u015bci naszych produkt\u00f3w online bez uprzedniej wiedzy. Jako producent, mo\u017cesz zintegrowa\u0107 algorytmy z w\u0142asnymi produktami poprzez interfejs API.\",\"breadcrumb\":{\"@id\":\"https:\/\/wicam.com\/pl\/cadcam-oprogramowanie\/pncloud\/#breadcrumb\"},\"inLanguage\":\"pl-PL\",\"potentialAction\":[{\"@type\":\"ReadAction\",\"target\":[\"https:\/\/wicam.com\/pl\/cadcam-oprogramowanie\/pncloud\/\"]}]},{\"@type\":\"ImageObject\",\"inLanguage\":\"pl-PL\",\"@id\":\"https:\/\/wicam.com\/pl\/cadcam-oprogramowanie\/pncloud\/#primaryimage\",\"url\":\"http:\/\/wicam.com\/wp-content\/uploads\/2020\/04\/webshop-300x211.jpg\",\"contentUrl\":\"http:\/\/wicam.com\/wp-content\/uploads\/2020\/04\/webshop-300x211.jpg\"},{\"@type\":\"BreadcrumbList\",\"@id\":\"https:\/\/wicam.com\/pl\/cadcam-oprogramowanie\/pncloud\/#breadcrumb\",\"itemListElement\":[{\"@type\":\"ListItem\",\"position\":1,\"name\":\"Startseite\",\"item\":\"https:\/\/wicam.com\/pl\/\"},{\"@type\":\"ListItem\",\"position\":2,\"name\":\"Oprogramowanie\",\"item\":\"https:\/\/wicam.com\/pl\/cadcam-oprogramowanie\/\"},{\"@type\":\"ListItem\",\"position\":3,\"name\":\"CAD\/CAM Cloud\"}]},{\"@type\":\"WebSite\",\"@id\":\"https:\/\/wicam.com\/pl\/#website\",\"url\":\"https:\/\/wicam.com\/pl\/\",\"name\":\"WiCAM\",\"description\":\"Technische Software\",\"potentialAction\":[{\"@type\":\"SearchAction\",\"target\":{\"@type\":\"EntryPoint\",\"urlTemplate\":\"https:\/\/wicam.com\/pl\/?s={search_term_string}\"},\"query-input\":{\"@type\":\"PropertyValueSpecification\",\"valueRequired\":true,\"valueName\":\"search_term_string\"}}],\"inLanguage\":\"pl-PL\"}]}<\/script>\n<!-- \/ Yoast SEO plugin. -->","yoast_head_json":{"title":"CAD\/CAM Oprogramowanie - CAD\/CAM Cloud - PNCloud - WiCAM","description":"Obliczenia internetowe, konwersja format\u00f3w CAD i NC, rozwijanie, tworzenie geometrii. Korzystanie z istotnych cz\u0119\u015bci naszych produkt\u00f3w online bez uprzedniej wiedzy. Jako producent, mo\u017cesz zintegrowa\u0107 algorytmy z w\u0142asnymi produktami poprzez interfejs API.","robots":{"index":"index","follow":"follow","max-snippet":"max-snippet:-1","max-image-preview":"max-image-preview:large","max-video-preview":"max-video-preview:-1"},"canonical":"https:\/\/wicam.com\/pl\/cadcam-oprogramowanie\/pncloud\/","og_locale":"pl_PL","og_type":"article","og_title":"CAD\/CAM Oprogramowanie - CAD\/CAM Cloud - PNCloud - WiCAM","og_description":"Obliczenia internetowe, konwersja format\u00f3w CAD i NC, rozwijanie, tworzenie geometrii. Korzystanie z istotnych cz\u0119\u015bci naszych produkt\u00f3w online bez uprzedniej wiedzy. Jako producent, mo\u017cesz zintegrowa\u0107 algorytmy z w\u0142asnymi produktami poprzez interfejs API.","og_url":"https:\/\/wicam.com\/pl\/cadcam-oprogramowanie\/pncloud\/","og_site_name":"WiCAM","article_modified_time":"2021-03-29T07:12:34+00:00","og_image":[{"url":"http:\/\/wicam.com\/wp-content\/uploads\/2020\/04\/webshop-300x211.jpg","type":"","width":"","height":""}],"twitter_card":"summary_large_image","schema":{"@context":"https:\/\/schema.org","@graph":[{"@type":"WebPage","@id":"https:\/\/wicam.com\/pl\/cadcam-oprogramowanie\/pncloud\/","url":"https:\/\/wicam.com\/pl\/cadcam-oprogramowanie\/pncloud\/","name":"CAD\/CAM Oprogramowanie - CAD\/CAM Cloud - PNCloud - WiCAM","isPartOf":{"@id":"https:\/\/wicam.com\/pl\/#website"},"primaryImageOfPage":{"@id":"https:\/\/wicam.com\/pl\/cadcam-oprogramowanie\/pncloud\/#primaryimage"},"image":{"@id":"https:\/\/wicam.com\/pl\/cadcam-oprogramowanie\/pncloud\/#primaryimage"},"thumbnailUrl":"http:\/\/wicam.com\/wp-content\/uploads\/2020\/04\/webshop-300x211.jpg","datePublished":"2018-07-25T07:56:50+00:00","dateModified":"2021-03-29T07:12:34+00:00","description":"Obliczenia internetowe, konwersja format\u00f3w CAD i NC, rozwijanie, tworzenie geometrii. Korzystanie z istotnych cz\u0119\u015bci naszych produkt\u00f3w online bez uprzedniej wiedzy. Jako producent, mo\u017cesz zintegrowa\u0107 algorytmy z w\u0142asnymi produktami poprzez interfejs API.","breadcrumb":{"@id":"https:\/\/wicam.com\/pl\/cadcam-oprogramowanie\/pncloud\/#breadcrumb"},"inLanguage":"pl-PL","potentialAction":[{"@type":"ReadAction","target":["https:\/\/wicam.com\/pl\/cadcam-oprogramowanie\/pncloud\/"]}]},{"@type":"ImageObject","inLanguage":"pl-PL","@id":"https:\/\/wicam.com\/pl\/cadcam-oprogramowanie\/pncloud\/#primaryimage","url":"http:\/\/wicam.com\/wp-content\/uploads\/2020\/04\/webshop-300x211.jpg","contentUrl":"http:\/\/wicam.com\/wp-content\/uploads\/2020\/04\/webshop-300x211.jpg"},{"@type":"BreadcrumbList","@id":"https:\/\/wicam.com\/pl\/cadcam-oprogramowanie\/pncloud\/#breadcrumb","itemListElement":[{"@type":"ListItem","position":1,"name":"Startseite","item":"https:\/\/wicam.com\/pl\/"},{"@type":"ListItem","position":2,"name":"Oprogramowanie","item":"https:\/\/wicam.com\/pl\/cadcam-oprogramowanie\/"},{"@type":"ListItem","position":3,"name":"CAD\/CAM Cloud"}]},{"@type":"WebSite","@id":"https:\/\/wicam.com\/pl\/#website","url":"https:\/\/wicam.com\/pl\/","name":"WiCAM","description":"Technische Software","potentialAction":[{"@type":"SearchAction","target":{"@type":"EntryPoint","urlTemplate":"https:\/\/wicam.com\/pl\/?s={search_term_string}"},"query-input":{"@type":"PropertyValueSpecification","valueRequired":true,"valueName":"search_term_string"}}],"inLanguage":"pl-PL"}]}},"_links":{"self":[{"href":"https:\/\/wicam.com\/pl\/wp-json\/wp\/v2\/pages\/8054","targetHints":{"allow":["GET"]}}],"collection":[{"href":"https:\/\/wicam.com\/pl\/wp-json\/wp\/v2\/pages"}],"about":[{"href":"https:\/\/wicam.com\/pl\/wp-json\/wp\/v2\/types\/page"}],"author":[{"embeddable":true,"href":"https:\/\/wicam.com\/pl\/wp-json\/wp\/v2\/users\/1"}],"replies":[{"embeddable":true,"href":"https:\/\/wicam.com\/pl\/wp-json\/wp\/v2\/comments?post=8054"}],"version-history":[{"count":0,"href":"https:\/\/wicam.com\/pl\/wp-json\/wp\/v2\/pages\/8054\/revisions"}],"up":[{"embeddable":true,"href":"https:\/\/wicam.com\/pl\/wp-json\/wp\/v2\/pages\/7222"}],"wp:attachment":[{"href":"https:\/\/wicam.com\/pl\/wp-json\/wp\/v2\/media?parent=8054"}],"curies":[{"name":"wp","href":"https:\/\/api.w.org\/{rel}","templated":true}]}}