{"id":8056,"date":"2018-08-31T15:56:55","date_gmt":"2018-08-31T13:56:55","guid":{"rendered":"https:\/\/www.wicam.com\/uslugi\/development\/"},"modified":"2020-09-20T15:42:10","modified_gmt":"2020-09-20T13:42:10","slug":"programowanie-specjalne","status":"publish","type":"page","link":"https:\/\/wicam.com\/pl\/uslugi\/programowanie-specjalne\/","title":{"rendered":"Programowanie specjalne"},"content":{"rendered":"<p><a href=\"https:\/\/wicam.com\/wp-content\/uploads\/2018\/09\/pn4000_schaubild_en.png\" data-fancybox><img loading=\"lazy\" decoding=\"async\" class=\"alignright wp-image-5361\" src=\"https:\/\/wicam.com\/wp-content\/uploads\/2018\/09\/pn4000_schaubild_en-300x275.png\" alt=\"\" width=\"325\" height=\"297\" srcset=\"https:\/\/wicam.com\/wp-content\/uploads\/2018\/09\/pn4000_schaubild_en-300x275.png 300w, https:\/\/wicam.com\/wp-content\/uploads\/2018\/09\/pn4000_schaubild_en.png 765w\" sizes=\"auto, (max-width: 325px) 100vw, 325px\" \/><\/a>Tworzymy nowe rozwi\u0105zania pod bardzo specyficzne wymagania klienta. Oferujemy produkty szyte na miar\u0119 \u2013 dok\u0142adnie takie, jakie s\u0105 potrzebne. Mamy r\u00f3wnie\u017c modyfikacji istniej\u0105cych modu\u0142y oprogramowania, zgodnie z konkretnymi wymaganiami.<\/p>\n<h4>Przyk\u0142ady:<\/h4>\n<ul>\n<li>Konwersja istniej\u0105cych danych<\/li>\n<li>Dedykowane po\u0142\u0105czenie do system\u00f3w ERP<\/li>\n<li>Dedykowane po\u0142\u0105czenie do system\u00f3w magazynowych<\/li>\n<li>Dedykowane po\u0142\u0105czenie do system\u00f3w PDM<\/li>\n<li>Dedykowane po\u0142\u0105czenie do system\u00f3w CAD<\/li>\n<li>Dedykowana funkcjonalno\u015b\u0107 do optymalizacji proces\u00f3w<\/li>\n<li>Dedykowany interfejs zwrotny z produkcji do systemu ERP<\/li>\n<\/ul>\n<p>We are glad to advise you.<\/p>\n","protected":false},"excerpt":{"rendered":"<p>Tworzymy nowe rozwi\u0105zania pod bardzo specyficzne wymagania klienta. Oferujemy produkty szyte na miar\u0119 \u2013 dok\u0142adnie takie, jakie s\u0105 potrzebne. Mamy r\u00f3wnie\u017c modyfikacji istniej\u0105cych modu\u0142y oprogramowania, zgodnie z konkretnymi wymaganiami. Przyk\u0142ady: Konwersja istniej\u0105cych danych Dedykowane po\u0142\u0105czenie do system\u00f3w ERP Dedykowane po\u0142\u0105czenie do system\u00f3w magazynowych Dedykowane po\u0142\u0105czenie do system\u00f3w PDM Dedykowane po\u0142\u0105czenie do system\u00f3w CAD Dedykowana funkcjonalno\u015b\u0107 [&hellip;]<\/p>\n","protected":false},"author":1,"featured_media":0,"parent":7230,"menu_order":0,"comment_status":"closed","ping_status":"closed","template":"page-dienstleistungen-single.php","meta":{"_acf_changed":false,"footnotes":""},"class_list":["post-8056","page","type-page","status-publish","hentry"],"acf":[],"yoast_head":"<!-- This site is optimized with the Yoast SEO plugin v27.2 - https:\/\/yoast.com\/product\/yoast-seo-wordpress\/ -->\n<title>CAD\/CAM Oprogramowanie - Programowanie specjalne - WiCAM<\/title>\n<meta name=\"description\" content=\"Tworzymy nowe rozwi\u0105zania pod bardzo specyficzne wymagania klienta. Oferujemy produkty szyte na miar\u0119 \u2013 dok\u0142adnie takie, jakie s\u0105 potrzebne. Mamy r\u00f3wnie\u017c modyfikacji istniej\u0105cych modu\u0142y oprogramowania, zgodnie z konkretnymi wymaganiami.\" \/>\n<meta name=\"robots\" content=\"index, follow, max-snippet:-1, max-image-preview:large, max-video-preview:-1\" \/>\n<link rel=\"canonical\" href=\"https:\/\/wicam.com\/pl\/uslugi\/programowanie-specjalne\/\" \/>\n<meta property=\"og:locale\" content=\"pl_PL\" \/>\n<meta property=\"og:type\" content=\"article\" \/>\n<meta property=\"og:title\" content=\"CAD\/CAM Oprogramowanie - Programowanie specjalne - WiCAM\" \/>\n<meta property=\"og:description\" content=\"Tworzymy nowe rozwi\u0105zania pod bardzo specyficzne wymagania klienta. Oferujemy produkty szyte na miar\u0119 \u2013 dok\u0142adnie takie, jakie s\u0105 potrzebne. Mamy r\u00f3wnie\u017c modyfikacji istniej\u0105cych modu\u0142y oprogramowania, zgodnie z konkretnymi wymaganiami.\" \/>\n<meta property=\"og:url\" content=\"https:\/\/wicam.com\/pl\/uslugi\/programowanie-specjalne\/\" \/>\n<meta property=\"og:site_name\" content=\"WiCAM\" \/>\n<meta property=\"article:modified_time\" content=\"2020-09-20T13:42:10+00:00\" \/>\n<meta property=\"og:image\" content=\"https:\/\/wicam.com\/wp-content\/uploads\/2018\/09\/pn4000_schaubild_en-300x275.png\" \/>\n<meta name=\"twitter:card\" content=\"summary_large_image\" \/>\n<script type=\"application\/ld+json\" class=\"yoast-schema-graph\">{\"@context\":\"https:\/\/schema.org\",\"@graph\":[{\"@type\":\"WebPage\",\"@id\":\"https:\/\/wicam.com\/pl\/uslugi\/programowanie-specjalne\/\",\"url\":\"https:\/\/wicam.com\/pl\/uslugi\/programowanie-specjalne\/\",\"name\":\"CAD\/CAM Oprogramowanie - Programowanie specjalne - WiCAM\",\"isPartOf\":{\"@id\":\"https:\/\/wicam.com\/pl\/#website\"},\"primaryImageOfPage\":{\"@id\":\"https:\/\/wicam.com\/pl\/uslugi\/programowanie-specjalne\/#primaryimage\"},\"image\":{\"@id\":\"https:\/\/wicam.com\/pl\/uslugi\/programowanie-specjalne\/#primaryimage\"},\"thumbnailUrl\":\"https:\/\/wicam.com\/wp-content\/uploads\/2018\/09\/pn4000_schaubild_en-300x275.png\",\"datePublished\":\"2018-08-31T13:56:55+00:00\",\"dateModified\":\"2020-09-20T13:42:10+00:00\",\"description\":\"Tworzymy nowe rozwi\u0105zania pod bardzo specyficzne wymagania klienta. Oferujemy produkty szyte na miar\u0119 \u2013 dok\u0142adnie takie, jakie s\u0105 potrzebne. Mamy r\u00f3wnie\u017c modyfikacji istniej\u0105cych modu\u0142y oprogramowania, zgodnie z konkretnymi wymaganiami.\",\"breadcrumb\":{\"@id\":\"https:\/\/wicam.com\/pl\/uslugi\/programowanie-specjalne\/#breadcrumb\"},\"inLanguage\":\"pl-PL\",\"potentialAction\":[{\"@type\":\"ReadAction\",\"target\":[\"https:\/\/wicam.com\/pl\/uslugi\/programowanie-specjalne\/\"]}]},{\"@type\":\"ImageObject\",\"inLanguage\":\"pl-PL\",\"@id\":\"https:\/\/wicam.com\/pl\/uslugi\/programowanie-specjalne\/#primaryimage\",\"url\":\"https:\/\/wicam.com\/wp-content\/uploads\/2018\/09\/pn4000_schaubild_en-300x275.png\",\"contentUrl\":\"https:\/\/wicam.com\/wp-content\/uploads\/2018\/09\/pn4000_schaubild_en-300x275.png\"},{\"@type\":\"BreadcrumbList\",\"@id\":\"https:\/\/wicam.com\/pl\/uslugi\/programowanie-specjalne\/#breadcrumb\",\"itemListElement\":[{\"@type\":\"ListItem\",\"position\":1,\"name\":\"Startseite\",\"item\":\"https:\/\/wicam.com\/pl\/\"},{\"@type\":\"ListItem\",\"position\":2,\"name\":\"Us\u0142ugi\",\"item\":\"https:\/\/wicam.com\/pl\/uslugi\/\"},{\"@type\":\"ListItem\",\"position\":3,\"name\":\"Programowanie specjalne\"}]},{\"@type\":\"WebSite\",\"@id\":\"https:\/\/wicam.com\/pl\/#website\",\"url\":\"https:\/\/wicam.com\/pl\/\",\"name\":\"WiCAM\",\"description\":\"Technische Software\",\"potentialAction\":[{\"@type\":\"SearchAction\",\"target\":{\"@type\":\"EntryPoint\",\"urlTemplate\":\"https:\/\/wicam.com\/pl\/?s={search_term_string}\"},\"query-input\":{\"@type\":\"PropertyValueSpecification\",\"valueRequired\":true,\"valueName\":\"search_term_string\"}}],\"inLanguage\":\"pl-PL\"}]}<\/script>\n<!-- \/ Yoast SEO plugin. -->","yoast_head_json":{"title":"CAD\/CAM Oprogramowanie - Programowanie specjalne - WiCAM","description":"Tworzymy nowe rozwi\u0105zania pod bardzo specyficzne wymagania klienta. Oferujemy produkty szyte na miar\u0119 \u2013 dok\u0142adnie takie, jakie s\u0105 potrzebne. Mamy r\u00f3wnie\u017c modyfikacji istniej\u0105cych modu\u0142y oprogramowania, zgodnie z konkretnymi wymaganiami.","robots":{"index":"index","follow":"follow","max-snippet":"max-snippet:-1","max-image-preview":"max-image-preview:large","max-video-preview":"max-video-preview:-1"},"canonical":"https:\/\/wicam.com\/pl\/uslugi\/programowanie-specjalne\/","og_locale":"pl_PL","og_type":"article","og_title":"CAD\/CAM Oprogramowanie - Programowanie specjalne - WiCAM","og_description":"Tworzymy nowe rozwi\u0105zania pod bardzo specyficzne wymagania klienta. Oferujemy produkty szyte na miar\u0119 \u2013 dok\u0142adnie takie, jakie s\u0105 potrzebne. Mamy r\u00f3wnie\u017c modyfikacji istniej\u0105cych modu\u0142y oprogramowania, zgodnie z konkretnymi wymaganiami.","og_url":"https:\/\/wicam.com\/pl\/uslugi\/programowanie-specjalne\/","og_site_name":"WiCAM","article_modified_time":"2020-09-20T13:42:10+00:00","og_image":[{"url":"https:\/\/wicam.com\/wp-content\/uploads\/2018\/09\/pn4000_schaubild_en-300x275.png","type":"","width":"","height":""}],"twitter_card":"summary_large_image","schema":{"@context":"https:\/\/schema.org","@graph":[{"@type":"WebPage","@id":"https:\/\/wicam.com\/pl\/uslugi\/programowanie-specjalne\/","url":"https:\/\/wicam.com\/pl\/uslugi\/programowanie-specjalne\/","name":"CAD\/CAM Oprogramowanie - Programowanie specjalne - WiCAM","isPartOf":{"@id":"https:\/\/wicam.com\/pl\/#website"},"primaryImageOfPage":{"@id":"https:\/\/wicam.com\/pl\/uslugi\/programowanie-specjalne\/#primaryimage"},"image":{"@id":"https:\/\/wicam.com\/pl\/uslugi\/programowanie-specjalne\/#primaryimage"},"thumbnailUrl":"https:\/\/wicam.com\/wp-content\/uploads\/2018\/09\/pn4000_schaubild_en-300x275.png","datePublished":"2018-08-31T13:56:55+00:00","dateModified":"2020-09-20T13:42:10+00:00","description":"Tworzymy nowe rozwi\u0105zania pod bardzo specyficzne wymagania klienta. Oferujemy produkty szyte na miar\u0119 \u2013 dok\u0142adnie takie, jakie s\u0105 potrzebne. Mamy r\u00f3wnie\u017c modyfikacji istniej\u0105cych modu\u0142y oprogramowania, zgodnie z konkretnymi wymaganiami.","breadcrumb":{"@id":"https:\/\/wicam.com\/pl\/uslugi\/programowanie-specjalne\/#breadcrumb"},"inLanguage":"pl-PL","potentialAction":[{"@type":"ReadAction","target":["https:\/\/wicam.com\/pl\/uslugi\/programowanie-specjalne\/"]}]},{"@type":"ImageObject","inLanguage":"pl-PL","@id":"https:\/\/wicam.com\/pl\/uslugi\/programowanie-specjalne\/#primaryimage","url":"https:\/\/wicam.com\/wp-content\/uploads\/2018\/09\/pn4000_schaubild_en-300x275.png","contentUrl":"https:\/\/wicam.com\/wp-content\/uploads\/2018\/09\/pn4000_schaubild_en-300x275.png"},{"@type":"BreadcrumbList","@id":"https:\/\/wicam.com\/pl\/uslugi\/programowanie-specjalne\/#breadcrumb","itemListElement":[{"@type":"ListItem","position":1,"name":"Startseite","item":"https:\/\/wicam.com\/pl\/"},{"@type":"ListItem","position":2,"name":"Us\u0142ugi","item":"https:\/\/wicam.com\/pl\/uslugi\/"},{"@type":"ListItem","position":3,"name":"Programowanie specjalne"}]},{"@type":"WebSite","@id":"https:\/\/wicam.com\/pl\/#website","url":"https:\/\/wicam.com\/pl\/","name":"WiCAM","description":"Technische Software","potentialAction":[{"@type":"SearchAction","target":{"@type":"EntryPoint","urlTemplate":"https:\/\/wicam.com\/pl\/?s={search_term_string}"},"query-input":{"@type":"PropertyValueSpecification","valueRequired":true,"valueName":"search_term_string"}}],"inLanguage":"pl-PL"}]}},"_links":{"self":[{"href":"https:\/\/wicam.com\/pl\/wp-json\/wp\/v2\/pages\/8056","targetHints":{"allow":["GET"]}}],"collection":[{"href":"https:\/\/wicam.com\/pl\/wp-json\/wp\/v2\/pages"}],"about":[{"href":"https:\/\/wicam.com\/pl\/wp-json\/wp\/v2\/types\/page"}],"author":[{"embeddable":true,"href":"https:\/\/wicam.com\/pl\/wp-json\/wp\/v2\/users\/1"}],"replies":[{"embeddable":true,"href":"https:\/\/wicam.com\/pl\/wp-json\/wp\/v2\/comments?post=8056"}],"version-history":[{"count":0,"href":"https:\/\/wicam.com\/pl\/wp-json\/wp\/v2\/pages\/8056\/revisions"}],"up":[{"embeddable":true,"href":"https:\/\/wicam.com\/pl\/wp-json\/wp\/v2\/pages\/7230"}],"wp:attachment":[{"href":"https:\/\/wicam.com\/pl\/wp-json\/wp\/v2\/media?parent=8056"}],"curies":[{"name":"wp","href":"https:\/\/api.w.org\/{rel}","templated":true}]}}