{"id":8131,"date":"2018-07-25T09:56:00","date_gmt":"2018-07-25T07:56:00","guid":{"rendered":"https:\/\/www.wicam.com\/cadcam-oprogramowanie\/pncontrol\/"},"modified":"2022-08-15T18:27:33","modified_gmt":"2022-08-15T16:27:33","slug":"pncontrol","status":"publish","type":"page","link":"https:\/\/wicam.com\/pl\/cadcam-oprogramowanie\/pncontrol\/","title":{"rendered":"Kontrola Zam\u00f3wienia"},"content":{"rendered":"<h2>Kontrola Zam\u00f3wienia<\/h2>\n<p><img loading=\"lazy\" decoding=\"async\" class=\"alignright wp-image-22873\" src=\"https:\/\/www.wicam.com\/wp-content\/uploads\/2022\/03\/pncontrol2-300x278.png\" alt=\"\" width=\"375\" height=\"348\" srcset=\"https:\/\/wicam.com\/wp-content\/uploads\/2022\/03\/pncontrol2-300x278.png 300w, https:\/\/wicam.com\/wp-content\/uploads\/2022\/03\/pncontrol2-768x712.png 768w, https:\/\/wicam.com\/wp-content\/uploads\/2022\/03\/pncontrol2.png 1000w\" sizes=\"auto, (max-width: 375px) 100vw, 375px\" \/>PNControl jest pot\u0119\u017cnym narz\u0119dziem do planowania, kontroli pracy, realizacji i monitorowania wszystkich termin\u00f3w wytwarzania i produkcji.<\/p>\n<p>Programy przygotowane z PN4000 (lub NC z innych \u017ar\u00f3de\u0142) s\u0105 bezpo\u015brednio wysy\u0142ane na maszyn\u0119. Informacje te s\u0105 automatycznie dost\u0119pne w Control Centre w celu ich monitorowania. W tym samym czasie dane NC mog\u0105 by\u0107 generowane w obr\u0119bie PN4000 poprzez r\u00f3\u017cne automatyczne programy, takie jak Multi-Loop lub PN Engine \u2013 jednocze\u015bnie dla kilku maszyn.<\/p>\n<h4>Mo\u017cliwo\u015bci<\/h4>\n<ul>\n<li>Zarz\u0105dzanie pracami lub roz\u0142o\u017ceniami<\/li>\n<li>Graficzne przedstawienie wykorzystania obrabiarek<\/li>\n<li>Funkcje statystyczne dotycz\u0105ce stanu prac, wykorzystania maszyn i materia\u0142\u00f3w<\/li>\n<li>Proste pytania o status produkowanego elementu<\/li>\n<li>Licencje sieciowych praw dost\u0119pu dla grup (administrator, production management, engineering, user, guest)<\/li>\n<li>Bezpo\u015brednie informacje zwrotne o produkowanych elementach \u2013 w zale\u017cno\u015bci od systemu PN4000 i ERP (w zale\u017cno\u015bci od opcji maszynowych)<\/li>\n<li>R\u0119czne potwierdzenie wykonania roz\u0142o\u017cenia\/element\u00f3w przez operatora maszyny<\/li>\n<li>Odpowied\u017a zwrotna o zadaniu w czasie rzeczywistym<\/li>\n<\/ul>\n<p><a class=\"btn\" href=\"\/pl\/contact\/\">Prezentacja<\/a><\/p>\n","protected":false},"excerpt":{"rendered":"<p>Kontrola Zam\u00f3wienia PNControl jest pot\u0119\u017cnym narz\u0119dziem do planowania, kontroli pracy, realizacji i monitorowania wszystkich termin\u00f3w wytwarzania i produkcji. Programy przygotowane z PN4000 (lub NC z innych \u017ar\u00f3de\u0142) s\u0105 bezpo\u015brednio wysy\u0142ane na maszyn\u0119. Informacje te s\u0105 automatycznie dost\u0119pne w Control Centre w celu ich monitorowania. W tym samym czasie dane NC mog\u0105 by\u0107 generowane w obr\u0119bie [&hellip;]<\/p>\n","protected":false},"author":1,"featured_media":0,"parent":7222,"menu_order":0,"comment_status":"closed","ping_status":"closed","template":"page-software-single.php","meta":{"_acf_changed":false,"footnotes":""},"class_list":["post-8131","page","type-page","status-publish","hentry"],"acf":[],"yoast_head":"<!-- This site is optimized with the Yoast SEO plugin v27.2 - https:\/\/yoast.com\/product\/yoast-seo-wordpress\/ -->\n<title>CAD\/CAM Oprogramowanie - PNControl - Kontrola Zam\u00f3wienia - WiCAM<\/title>\n<meta name=\"description\" content=\"Pomys\u0142 na stworzenie oprogramowania do komputerowego wspomagania przemys\u0142u (CAM) powsta\u0142 w g\u0142owie lidera WiCAM GmbH Technische Software Pana Haralda Wilkesmanna w roku 1986.\" \/>\n<meta name=\"robots\" content=\"index, follow, max-snippet:-1, max-image-preview:large, max-video-preview:-1\" \/>\n<link rel=\"canonical\" href=\"https:\/\/wicam.com\/pl\/cadcam-oprogramowanie\/pncontrol\/\" \/>\n<meta property=\"og:locale\" content=\"pl_PL\" \/>\n<meta property=\"og:type\" content=\"article\" \/>\n<meta property=\"og:title\" content=\"CAD\/CAM Oprogramowanie - PNControl - Kontrola Zam\u00f3wienia - WiCAM\" \/>\n<meta property=\"og:description\" content=\"Pomys\u0142 na stworzenie oprogramowania do komputerowego wspomagania przemys\u0142u (CAM) powsta\u0142 w g\u0142owie lidera WiCAM GmbH Technische Software Pana Haralda Wilkesmanna w roku 1986.\" \/>\n<meta property=\"og:url\" content=\"https:\/\/wicam.com\/pl\/cadcam-oprogramowanie\/pncontrol\/\" \/>\n<meta property=\"og:site_name\" content=\"WiCAM\" \/>\n<meta property=\"article:modified_time\" content=\"2022-08-15T16:27:33+00:00\" \/>\n<meta property=\"og:image\" content=\"https:\/\/www.wicam.com\/wp-content\/uploads\/2022\/03\/pncontrol2-300x278.png\" \/>\n<meta name=\"twitter:card\" content=\"summary_large_image\" \/>\n<meta name=\"twitter:label1\" content=\"Szacowany czas czytania\" \/>\n\t<meta name=\"twitter:data1\" content=\"1 minuta\" \/>\n<script type=\"application\/ld+json\" class=\"yoast-schema-graph\">{\"@context\":\"https:\/\/schema.org\",\"@graph\":[{\"@type\":\"WebPage\",\"@id\":\"https:\/\/wicam.com\/pl\/cadcam-oprogramowanie\/pncontrol\/\",\"url\":\"https:\/\/wicam.com\/pl\/cadcam-oprogramowanie\/pncontrol\/\",\"name\":\"CAD\/CAM Oprogramowanie - PNControl - Kontrola Zam\u00f3wienia - WiCAM\",\"isPartOf\":{\"@id\":\"https:\/\/wicam.com\/pl\/#website\"},\"primaryImageOfPage\":{\"@id\":\"https:\/\/wicam.com\/pl\/cadcam-oprogramowanie\/pncontrol\/#primaryimage\"},\"image\":{\"@id\":\"https:\/\/wicam.com\/pl\/cadcam-oprogramowanie\/pncontrol\/#primaryimage\"},\"thumbnailUrl\":\"https:\/\/www.wicam.com\/wp-content\/uploads\/2022\/03\/pncontrol2-300x278.png\",\"datePublished\":\"2018-07-25T07:56:00+00:00\",\"dateModified\":\"2022-08-15T16:27:33+00:00\",\"description\":\"Pomys\u0142 na stworzenie oprogramowania do komputerowego wspomagania przemys\u0142u (CAM) powsta\u0142 w g\u0142owie lidera WiCAM GmbH Technische Software Pana Haralda Wilkesmanna w roku 1986.\",\"breadcrumb\":{\"@id\":\"https:\/\/wicam.com\/pl\/cadcam-oprogramowanie\/pncontrol\/#breadcrumb\"},\"inLanguage\":\"pl-PL\",\"potentialAction\":[{\"@type\":\"ReadAction\",\"target\":[\"https:\/\/wicam.com\/pl\/cadcam-oprogramowanie\/pncontrol\/\"]}]},{\"@type\":\"ImageObject\",\"inLanguage\":\"pl-PL\",\"@id\":\"https:\/\/wicam.com\/pl\/cadcam-oprogramowanie\/pncontrol\/#primaryimage\",\"url\":\"https:\/\/www.wicam.com\/wp-content\/uploads\/2022\/03\/pncontrol2-300x278.png\",\"contentUrl\":\"https:\/\/www.wicam.com\/wp-content\/uploads\/2022\/03\/pncontrol2-300x278.png\"},{\"@type\":\"BreadcrumbList\",\"@id\":\"https:\/\/wicam.com\/pl\/cadcam-oprogramowanie\/pncontrol\/#breadcrumb\",\"itemListElement\":[{\"@type\":\"ListItem\",\"position\":1,\"name\":\"Startseite\",\"item\":\"https:\/\/wicam.com\/pl\/\"},{\"@type\":\"ListItem\",\"position\":2,\"name\":\"Oprogramowanie\",\"item\":\"https:\/\/wicam.com\/pl\/cadcam-oprogramowanie\/\"},{\"@type\":\"ListItem\",\"position\":3,\"name\":\"Kontrola Zam\u00f3wienia\"}]},{\"@type\":\"WebSite\",\"@id\":\"https:\/\/wicam.com\/pl\/#website\",\"url\":\"https:\/\/wicam.com\/pl\/\",\"name\":\"WiCAM\",\"description\":\"Technische Software\",\"potentialAction\":[{\"@type\":\"SearchAction\",\"target\":{\"@type\":\"EntryPoint\",\"urlTemplate\":\"https:\/\/wicam.com\/pl\/?s={search_term_string}\"},\"query-input\":{\"@type\":\"PropertyValueSpecification\",\"valueRequired\":true,\"valueName\":\"search_term_string\"}}],\"inLanguage\":\"pl-PL\"}]}<\/script>\n<!-- \/ Yoast SEO plugin. -->","yoast_head_json":{"title":"CAD\/CAM Oprogramowanie - PNControl - Kontrola Zam\u00f3wienia - WiCAM","description":"Pomys\u0142 na stworzenie oprogramowania do komputerowego wspomagania przemys\u0142u (CAM) powsta\u0142 w g\u0142owie lidera WiCAM GmbH Technische Software Pana Haralda Wilkesmanna w roku 1986.","robots":{"index":"index","follow":"follow","max-snippet":"max-snippet:-1","max-image-preview":"max-image-preview:large","max-video-preview":"max-video-preview:-1"},"canonical":"https:\/\/wicam.com\/pl\/cadcam-oprogramowanie\/pncontrol\/","og_locale":"pl_PL","og_type":"article","og_title":"CAD\/CAM Oprogramowanie - PNControl - Kontrola Zam\u00f3wienia - WiCAM","og_description":"Pomys\u0142 na stworzenie oprogramowania do komputerowego wspomagania przemys\u0142u (CAM) powsta\u0142 w g\u0142owie lidera WiCAM GmbH Technische Software Pana Haralda Wilkesmanna w roku 1986.","og_url":"https:\/\/wicam.com\/pl\/cadcam-oprogramowanie\/pncontrol\/","og_site_name":"WiCAM","article_modified_time":"2022-08-15T16:27:33+00:00","og_image":[{"url":"https:\/\/www.wicam.com\/wp-content\/uploads\/2022\/03\/pncontrol2-300x278.png","type":"","width":"","height":""}],"twitter_card":"summary_large_image","twitter_misc":{"Szacowany czas czytania":"1 minuta"},"schema":{"@context":"https:\/\/schema.org","@graph":[{"@type":"WebPage","@id":"https:\/\/wicam.com\/pl\/cadcam-oprogramowanie\/pncontrol\/","url":"https:\/\/wicam.com\/pl\/cadcam-oprogramowanie\/pncontrol\/","name":"CAD\/CAM Oprogramowanie - PNControl - Kontrola Zam\u00f3wienia - WiCAM","isPartOf":{"@id":"https:\/\/wicam.com\/pl\/#website"},"primaryImageOfPage":{"@id":"https:\/\/wicam.com\/pl\/cadcam-oprogramowanie\/pncontrol\/#primaryimage"},"image":{"@id":"https:\/\/wicam.com\/pl\/cadcam-oprogramowanie\/pncontrol\/#primaryimage"},"thumbnailUrl":"https:\/\/www.wicam.com\/wp-content\/uploads\/2022\/03\/pncontrol2-300x278.png","datePublished":"2018-07-25T07:56:00+00:00","dateModified":"2022-08-15T16:27:33+00:00","description":"Pomys\u0142 na stworzenie oprogramowania do komputerowego wspomagania przemys\u0142u (CAM) powsta\u0142 w g\u0142owie lidera WiCAM GmbH Technische Software Pana Haralda Wilkesmanna w roku 1986.","breadcrumb":{"@id":"https:\/\/wicam.com\/pl\/cadcam-oprogramowanie\/pncontrol\/#breadcrumb"},"inLanguage":"pl-PL","potentialAction":[{"@type":"ReadAction","target":["https:\/\/wicam.com\/pl\/cadcam-oprogramowanie\/pncontrol\/"]}]},{"@type":"ImageObject","inLanguage":"pl-PL","@id":"https:\/\/wicam.com\/pl\/cadcam-oprogramowanie\/pncontrol\/#primaryimage","url":"https:\/\/www.wicam.com\/wp-content\/uploads\/2022\/03\/pncontrol2-300x278.png","contentUrl":"https:\/\/www.wicam.com\/wp-content\/uploads\/2022\/03\/pncontrol2-300x278.png"},{"@type":"BreadcrumbList","@id":"https:\/\/wicam.com\/pl\/cadcam-oprogramowanie\/pncontrol\/#breadcrumb","itemListElement":[{"@type":"ListItem","position":1,"name":"Startseite","item":"https:\/\/wicam.com\/pl\/"},{"@type":"ListItem","position":2,"name":"Oprogramowanie","item":"https:\/\/wicam.com\/pl\/cadcam-oprogramowanie\/"},{"@type":"ListItem","position":3,"name":"Kontrola Zam\u00f3wienia"}]},{"@type":"WebSite","@id":"https:\/\/wicam.com\/pl\/#website","url":"https:\/\/wicam.com\/pl\/","name":"WiCAM","description":"Technische Software","potentialAction":[{"@type":"SearchAction","target":{"@type":"EntryPoint","urlTemplate":"https:\/\/wicam.com\/pl\/?s={search_term_string}"},"query-input":{"@type":"PropertyValueSpecification","valueRequired":true,"valueName":"search_term_string"}}],"inLanguage":"pl-PL"}]}},"_links":{"self":[{"href":"https:\/\/wicam.com\/pl\/wp-json\/wp\/v2\/pages\/8131","targetHints":{"allow":["GET"]}}],"collection":[{"href":"https:\/\/wicam.com\/pl\/wp-json\/wp\/v2\/pages"}],"about":[{"href":"https:\/\/wicam.com\/pl\/wp-json\/wp\/v2\/types\/page"}],"author":[{"embeddable":true,"href":"https:\/\/wicam.com\/pl\/wp-json\/wp\/v2\/users\/1"}],"replies":[{"embeddable":true,"href":"https:\/\/wicam.com\/pl\/wp-json\/wp\/v2\/comments?post=8131"}],"version-history":[{"count":0,"href":"https:\/\/wicam.com\/pl\/wp-json\/wp\/v2\/pages\/8131\/revisions"}],"up":[{"embeddable":true,"href":"https:\/\/wicam.com\/pl\/wp-json\/wp\/v2\/pages\/7222"}],"wp:attachment":[{"href":"https:\/\/wicam.com\/pl\/wp-json\/wp\/v2\/media?parent=8131"}],"curies":[{"name":"wp","href":"https:\/\/api.w.org\/{rel}","templated":true}]}}