{"id":8169,"date":"2018-07-05T16:34:29","date_gmt":"2018-07-05T14:34:29","guid":{"rendered":"https:\/\/www.wicam.com\/locations\/"},"modified":"2026-03-29T17:53:43","modified_gmt":"2026-03-29T15:53:43","slug":"lokalizacje","status":"publish","type":"page","link":"https:\/\/wicam.com\/pl\/lokalizacje\/","title":{"rendered":"Lokalizacje"},"content":{"rendered":"","protected":false},"excerpt":{"rendered":"","protected":false},"author":1,"featured_media":0,"parent":0,"menu_order":0,"comment_status":"closed","ping_status":"closed","template":"page-standorte.php","meta":{"_acf_changed":false,"footnotes":""},"class_list":["post-8169","page","type-page","status-publish","hentry"],"acf":[],"yoast_head":"<!-- This site is optimized with the Yoast SEO plugin v27.2 - https:\/\/yoast.com\/product\/yoast-seo-wordpress\/ -->\n<title>WiCAM Weltweit - CAD\/CAM Nesting Software f\u00fcr die automatisierte CNC-Blechbearbeitung<\/title>\n<meta name=\"description\" content=\"WiCAM hat sich in den letzten 30 Jahren zu einem weltweit operierenden Unternehmen entwickelt. Wir verf\u00fcgen \u00fcber Standorte \u00fcberall auf der Welt.\" \/>\n<meta name=\"robots\" content=\"index, follow, max-snippet:-1, max-image-preview:large, max-video-preview:-1\" \/>\n<link rel=\"canonical\" href=\"https:\/\/wicam.com\/pl\/lokalizacje\/\" \/>\n<meta property=\"og:locale\" content=\"pl_PL\" \/>\n<meta property=\"og:type\" content=\"article\" \/>\n<meta property=\"og:title\" content=\"WiCAM Weltweit - CAD\/CAM Nesting Software f\u00fcr die automatisierte CNC-Blechbearbeitung\" \/>\n<meta property=\"og:description\" content=\"WiCAM hat sich in den letzten 30 Jahren zu einem weltweit operierenden Unternehmen entwickelt. Wir verf\u00fcgen \u00fcber Standorte \u00fcberall auf der Welt.\" \/>\n<meta property=\"og:url\" content=\"https:\/\/wicam.com\/pl\/lokalizacje\/\" \/>\n<meta property=\"og:site_name\" content=\"WiCAM\" \/>\n<meta property=\"article:modified_time\" content=\"2026-03-29T15:53:43+00:00\" \/>\n<meta name=\"twitter:card\" content=\"summary_large_image\" \/>\n<meta name=\"twitter:label1\" content=\"Szacowany czas czytania\" \/>\n\t<meta name=\"twitter:data1\" content=\"5 minut\" \/>\n<script type=\"application\/ld+json\" class=\"yoast-schema-graph\">{\"@context\":\"https:\/\/schema.org\",\"@graph\":[{\"@type\":\"WebPage\",\"@id\":\"https:\/\/wicam.com\/pl\/lokalizacje\/\",\"url\":\"https:\/\/wicam.com\/pl\/lokalizacje\/\",\"name\":\"WiCAM Weltweit - CAD\/CAM Nesting Software f\u00fcr die automatisierte CNC-Blechbearbeitung\",\"isPartOf\":{\"@id\":\"https:\/\/wicam.com\/pl\/#website\"},\"datePublished\":\"2018-07-05T14:34:29+00:00\",\"dateModified\":\"2026-03-29T15:53:43+00:00\",\"description\":\"WiCAM hat sich in den letzten 30 Jahren zu einem weltweit operierenden Unternehmen entwickelt. Wir verf\u00fcgen \u00fcber Standorte \u00fcberall auf der Welt.\",\"breadcrumb\":{\"@id\":\"https:\/\/wicam.com\/pl\/lokalizacje\/#breadcrumb\"},\"inLanguage\":\"pl-PL\",\"potentialAction\":[{\"@type\":\"ReadAction\",\"target\":[\"https:\/\/wicam.com\/pl\/lokalizacje\/\"]}]},{\"@type\":\"BreadcrumbList\",\"@id\":\"https:\/\/wicam.com\/pl\/lokalizacje\/#breadcrumb\",\"itemListElement\":[{\"@type\":\"ListItem\",\"position\":1,\"name\":\"Startseite\",\"item\":\"https:\/\/wicam.com\/pl\/\"},{\"@type\":\"ListItem\",\"position\":2,\"name\":\"Lokalizacje\"}]},{\"@type\":\"WebSite\",\"@id\":\"https:\/\/wicam.com\/pl\/#website\",\"url\":\"https:\/\/wicam.com\/pl\/\",\"name\":\"WiCAM\",\"description\":\"Technische Software\",\"potentialAction\":[{\"@type\":\"SearchAction\",\"target\":{\"@type\":\"EntryPoint\",\"urlTemplate\":\"https:\/\/wicam.com\/pl\/?s={search_term_string}\"},\"query-input\":{\"@type\":\"PropertyValueSpecification\",\"valueRequired\":true,\"valueName\":\"search_term_string\"}}],\"inLanguage\":\"pl-PL\"}]}<\/script>\n<!-- \/ Yoast SEO plugin. -->","yoast_head_json":{"title":"WiCAM Weltweit - CAD\/CAM Nesting Software f\u00fcr die automatisierte CNC-Blechbearbeitung","description":"WiCAM hat sich in den letzten 30 Jahren zu einem weltweit operierenden Unternehmen entwickelt. Wir verf\u00fcgen \u00fcber Standorte \u00fcberall auf der Welt.","robots":{"index":"index","follow":"follow","max-snippet":"max-snippet:-1","max-image-preview":"max-image-preview:large","max-video-preview":"max-video-preview:-1"},"canonical":"https:\/\/wicam.com\/pl\/lokalizacje\/","og_locale":"pl_PL","og_type":"article","og_title":"WiCAM Weltweit - CAD\/CAM Nesting Software f\u00fcr die automatisierte CNC-Blechbearbeitung","og_description":"WiCAM hat sich in den letzten 30 Jahren zu einem weltweit operierenden Unternehmen entwickelt. Wir verf\u00fcgen \u00fcber Standorte \u00fcberall auf der Welt.","og_url":"https:\/\/wicam.com\/pl\/lokalizacje\/","og_site_name":"WiCAM","article_modified_time":"2026-03-29T15:53:43+00:00","twitter_card":"summary_large_image","twitter_misc":{"Szacowany czas czytania":"5 minut"},"schema":{"@context":"https:\/\/schema.org","@graph":[{"@type":"WebPage","@id":"https:\/\/wicam.com\/pl\/lokalizacje\/","url":"https:\/\/wicam.com\/pl\/lokalizacje\/","name":"WiCAM Weltweit - CAD\/CAM Nesting Software f\u00fcr die automatisierte CNC-Blechbearbeitung","isPartOf":{"@id":"https:\/\/wicam.com\/pl\/#website"},"datePublished":"2018-07-05T14:34:29+00:00","dateModified":"2026-03-29T15:53:43+00:00","description":"WiCAM hat sich in den letzten 30 Jahren zu einem weltweit operierenden Unternehmen entwickelt. Wir verf\u00fcgen \u00fcber Standorte \u00fcberall auf der Welt.","breadcrumb":{"@id":"https:\/\/wicam.com\/pl\/lokalizacje\/#breadcrumb"},"inLanguage":"pl-PL","potentialAction":[{"@type":"ReadAction","target":["https:\/\/wicam.com\/pl\/lokalizacje\/"]}]},{"@type":"BreadcrumbList","@id":"https:\/\/wicam.com\/pl\/lokalizacje\/#breadcrumb","itemListElement":[{"@type":"ListItem","position":1,"name":"Startseite","item":"https:\/\/wicam.com\/pl\/"},{"@type":"ListItem","position":2,"name":"Lokalizacje"}]},{"@type":"WebSite","@id":"https:\/\/wicam.com\/pl\/#website","url":"https:\/\/wicam.com\/pl\/","name":"WiCAM","description":"Technische Software","potentialAction":[{"@type":"SearchAction","target":{"@type":"EntryPoint","urlTemplate":"https:\/\/wicam.com\/pl\/?s={search_term_string}"},"query-input":{"@type":"PropertyValueSpecification","valueRequired":true,"valueName":"search_term_string"}}],"inLanguage":"pl-PL"}]}},"_links":{"self":[{"href":"https:\/\/wicam.com\/pl\/wp-json\/wp\/v2\/pages\/8169","targetHints":{"allow":["GET"]}}],"collection":[{"href":"https:\/\/wicam.com\/pl\/wp-json\/wp\/v2\/pages"}],"about":[{"href":"https:\/\/wicam.com\/pl\/wp-json\/wp\/v2\/types\/page"}],"author":[{"embeddable":true,"href":"https:\/\/wicam.com\/pl\/wp-json\/wp\/v2\/users\/1"}],"replies":[{"embeddable":true,"href":"https:\/\/wicam.com\/pl\/wp-json\/wp\/v2\/comments?post=8169"}],"version-history":[{"count":2,"href":"https:\/\/wicam.com\/pl\/wp-json\/wp\/v2\/pages\/8169\/revisions"}],"predecessor-version":[{"id":82629,"href":"https:\/\/wicam.com\/pl\/wp-json\/wp\/v2\/pages\/8169\/revisions\/82629"}],"wp:attachment":[{"href":"https:\/\/wicam.com\/pl\/wp-json\/wp\/v2\/media?parent=8169"}],"curies":[{"name":"wp","href":"https:\/\/api.w.org\/{rel}","templated":true}]}}