{"id":9787,"date":"2019-09-10T10:51:46","date_gmt":"2019-09-10T08:51:46","guid":{"rendered":"https:\/\/www.wicam.com\/?page_id=9787"},"modified":"2020-11-27T09:48:16","modified_gmt":"2020-11-27T08:48:16","slug":"download-area","status":"publish","type":"page","link":"https:\/\/wicam.com\/pl\/uslugi\/download-area\/","title":{"rendered":"Download-Area"},"content":{"rendered":"<h2>Updates<\/h2>\n<p>Dla naszych klient\u00f3w oferujemy aktualizacje on-line oraz mo\u017cliwo\u015b\u0107 pobrania innych plik\u00f3w. Aby uzyska\u0107 dost\u0119p do tych plik\u00f3w potrzebny jest login i has\u0142o. W celu uzyskania dalszych informacji, prosimy o przes\u0142anie zapytania <a href=\"https:\/\/www.wicam.com\/pl\/contact\/\">e-mail na ten adres<\/a>.<\/p>\n","protected":false},"excerpt":{"rendered":"<p>Updates Dla naszych klient\u00f3w oferujemy aktualizacje on-line oraz mo\u017cliwo\u015b\u0107 pobrania innych plik\u00f3w. Aby uzyska\u0107 dost\u0119p do tych plik\u00f3w potrzebny jest login i has\u0142o. W celu uzyskania dalszych informacji, prosimy o przes\u0142anie zapytania e-mail na ten adres.<\/p>\n","protected":false},"author":1,"featured_media":0,"parent":7230,"menu_order":0,"comment_status":"closed","ping_status":"closed","template":"page-downloadarea.php","meta":{"_acf_changed":false,"footnotes":""},"class_list":["post-9787","page","type-page","status-publish","hentry"],"acf":[],"yoast_head":"<!-- This site is optimized with the Yoast SEO plugin v27.2 - https:\/\/yoast.com\/product\/yoast-seo-wordpress\/ -->\n<title>Download-Area - WiCAM<\/title>\n<meta name=\"robots\" content=\"index, follow, max-snippet:-1, max-image-preview:large, max-video-preview:-1\" \/>\n<link rel=\"canonical\" href=\"https:\/\/wicam.com\/pl\/uslugi\/download-area\/\" \/>\n<meta property=\"og:locale\" content=\"pl_PL\" \/>\n<meta property=\"og:type\" content=\"article\" \/>\n<meta property=\"og:title\" content=\"Download-Area - WiCAM\" \/>\n<meta property=\"og:description\" content=\"Updates Dla naszych klient\u00f3w oferujemy aktualizacje on-line oraz mo\u017cliwo\u015b\u0107 pobrania innych plik\u00f3w. Aby uzyska\u0107 dost\u0119p do tych plik\u00f3w potrzebny jest login i has\u0142o. W celu uzyskania dalszych informacji, prosimy o przes\u0142anie zapytania e-mail na ten adres.\" \/>\n<meta property=\"og:url\" content=\"https:\/\/wicam.com\/pl\/uslugi\/download-area\/\" \/>\n<meta property=\"og:site_name\" content=\"WiCAM\" \/>\n<meta property=\"article:modified_time\" content=\"2020-11-27T08:48:16+00:00\" \/>\n<meta name=\"twitter:card\" content=\"summary_large_image\" \/>\n<script type=\"application\/ld+json\" class=\"yoast-schema-graph\">{\"@context\":\"https:\/\/schema.org\",\"@graph\":[{\"@type\":\"WebPage\",\"@id\":\"https:\/\/wicam.com\/pl\/uslugi\/download-area\/\",\"url\":\"https:\/\/wicam.com\/pl\/uslugi\/download-area\/\",\"name\":\"Download-Area - WiCAM\",\"isPartOf\":{\"@id\":\"https:\/\/wicam.com\/pl\/#website\"},\"datePublished\":\"2019-09-10T08:51:46+00:00\",\"dateModified\":\"2020-11-27T08:48:16+00:00\",\"breadcrumb\":{\"@id\":\"https:\/\/wicam.com\/pl\/uslugi\/download-area\/#breadcrumb\"},\"inLanguage\":\"pl-PL\",\"potentialAction\":[{\"@type\":\"ReadAction\",\"target\":[\"https:\/\/wicam.com\/pl\/uslugi\/download-area\/\"]}]},{\"@type\":\"BreadcrumbList\",\"@id\":\"https:\/\/wicam.com\/pl\/uslugi\/download-area\/#breadcrumb\",\"itemListElement\":[{\"@type\":\"ListItem\",\"position\":1,\"name\":\"Startseite\",\"item\":\"https:\/\/wicam.com\/pl\/\"},{\"@type\":\"ListItem\",\"position\":2,\"name\":\"Us\u0142ugi\",\"item\":\"https:\/\/wicam.com\/pl\/uslugi\/\"},{\"@type\":\"ListItem\",\"position\":3,\"name\":\"Download-Area\"}]},{\"@type\":\"WebSite\",\"@id\":\"https:\/\/wicam.com\/pl\/#website\",\"url\":\"https:\/\/wicam.com\/pl\/\",\"name\":\"WiCAM\",\"description\":\"Technische Software\",\"potentialAction\":[{\"@type\":\"SearchAction\",\"target\":{\"@type\":\"EntryPoint\",\"urlTemplate\":\"https:\/\/wicam.com\/pl\/?s={search_term_string}\"},\"query-input\":{\"@type\":\"PropertyValueSpecification\",\"valueRequired\":true,\"valueName\":\"search_term_string\"}}],\"inLanguage\":\"pl-PL\"}]}<\/script>\n<!-- \/ Yoast SEO plugin. -->","yoast_head_json":{"title":"Download-Area - WiCAM","robots":{"index":"index","follow":"follow","max-snippet":"max-snippet:-1","max-image-preview":"max-image-preview:large","max-video-preview":"max-video-preview:-1"},"canonical":"https:\/\/wicam.com\/pl\/uslugi\/download-area\/","og_locale":"pl_PL","og_type":"article","og_title":"Download-Area - WiCAM","og_description":"Updates Dla naszych klient\u00f3w oferujemy aktualizacje on-line oraz mo\u017cliwo\u015b\u0107 pobrania innych plik\u00f3w. Aby uzyska\u0107 dost\u0119p do tych plik\u00f3w potrzebny jest login i has\u0142o. W celu uzyskania dalszych informacji, prosimy o przes\u0142anie zapytania e-mail na ten adres.","og_url":"https:\/\/wicam.com\/pl\/uslugi\/download-area\/","og_site_name":"WiCAM","article_modified_time":"2020-11-27T08:48:16+00:00","twitter_card":"summary_large_image","schema":{"@context":"https:\/\/schema.org","@graph":[{"@type":"WebPage","@id":"https:\/\/wicam.com\/pl\/uslugi\/download-area\/","url":"https:\/\/wicam.com\/pl\/uslugi\/download-area\/","name":"Download-Area - WiCAM","isPartOf":{"@id":"https:\/\/wicam.com\/pl\/#website"},"datePublished":"2019-09-10T08:51:46+00:00","dateModified":"2020-11-27T08:48:16+00:00","breadcrumb":{"@id":"https:\/\/wicam.com\/pl\/uslugi\/download-area\/#breadcrumb"},"inLanguage":"pl-PL","potentialAction":[{"@type":"ReadAction","target":["https:\/\/wicam.com\/pl\/uslugi\/download-area\/"]}]},{"@type":"BreadcrumbList","@id":"https:\/\/wicam.com\/pl\/uslugi\/download-area\/#breadcrumb","itemListElement":[{"@type":"ListItem","position":1,"name":"Startseite","item":"https:\/\/wicam.com\/pl\/"},{"@type":"ListItem","position":2,"name":"Us\u0142ugi","item":"https:\/\/wicam.com\/pl\/uslugi\/"},{"@type":"ListItem","position":3,"name":"Download-Area"}]},{"@type":"WebSite","@id":"https:\/\/wicam.com\/pl\/#website","url":"https:\/\/wicam.com\/pl\/","name":"WiCAM","description":"Technische Software","potentialAction":[{"@type":"SearchAction","target":{"@type":"EntryPoint","urlTemplate":"https:\/\/wicam.com\/pl\/?s={search_term_string}"},"query-input":{"@type":"PropertyValueSpecification","valueRequired":true,"valueName":"search_term_string"}}],"inLanguage":"pl-PL"}]}},"_links":{"self":[{"href":"https:\/\/wicam.com\/pl\/wp-json\/wp\/v2\/pages\/9787","targetHints":{"allow":["GET"]}}],"collection":[{"href":"https:\/\/wicam.com\/pl\/wp-json\/wp\/v2\/pages"}],"about":[{"href":"https:\/\/wicam.com\/pl\/wp-json\/wp\/v2\/types\/page"}],"author":[{"embeddable":true,"href":"https:\/\/wicam.com\/pl\/wp-json\/wp\/v2\/users\/1"}],"replies":[{"embeddable":true,"href":"https:\/\/wicam.com\/pl\/wp-json\/wp\/v2\/comments?post=9787"}],"version-history":[{"count":0,"href":"https:\/\/wicam.com\/pl\/wp-json\/wp\/v2\/pages\/9787\/revisions"}],"up":[{"embeddable":true,"href":"https:\/\/wicam.com\/pl\/wp-json\/wp\/v2\/pages\/7230"}],"wp:attachment":[{"href":"https:\/\/wicam.com\/pl\/wp-json\/wp\/v2\/media?parent=9787"}],"curies":[{"name":"wp","href":"https:\/\/api.w.org\/{rel}","templated":true}]}}